{"id":5261,"date":"2023-07-13T08:49:23","date_gmt":"2023-07-13T06:49:23","guid":{"rendered":"https:\/\/sweet-venice.com\/privacy-policy\/"},"modified":"2023-07-13T08:49:23","modified_gmt":"2023-07-13T06:49:23","slug":"privacy-policy","status":"publish","type":"page","link":"https:\/\/sweet-venice.com\/de\/privacy-policy\/","title":{"rendered":"Privacy Policy"},"content":{"rendered":"\t\t<div data-elementor-type=\"wp-page\" data-elementor-id=\"5261\" class=\"elementor elementor-5261 elementor-1840\" data-elementor-post-type=\"page\">\n\t\t\t\t\t\t<section class=\"elementor-section elementor-top-section elementor-element elementor-element-b7657f1 elementor-section-full_width elementor-section-height-default elementor-section-height-default\" data-id=\"b7657f1\" data-element_type=\"section\" data-settings=\"{&quot;background_background&quot;:&quot;classic&quot;}\">\n\t\t\t\t\t\t<div class=\"elementor-container elementor-column-gap-default\">\n\t\t\t\t\t<div class=\"elementor-column elementor-col-100 elementor-top-column elementor-element elementor-element-2b88bba\" data-id=\"2b88bba\" data-element_type=\"column\" data-settings=\"{&quot;background_background&quot;:&quot;classic&quot;}\">\n\t\t\t<div class=\"elementor-widget-wrap elementor-element-populated\">\n\t\t\t\t\t\t<div class=\"elementor-element elementor-element-203a793 elementor-widget elementor-widget-image\" data-id=\"203a793\" data-element_type=\"widget\" data-widget_type=\"image.default\">\n\t\t\t\t<div class=\"elementor-widget-container\">\n\t\t\t\t\t\t\t\t\t\t\t\t\t\t\t<img fetchpriority=\"high\" decoding=\"async\" width=\"2070\" height=\"1380\" src=\"https:\/\/sweet-venice.com\/wp-content\/uploads\/2025\/05\/photo-1595196862630-d5825e9ee2da.avif\" class=\"attachment-full size-full wp-image-4944\" alt=\"\" srcset=\"https:\/\/sweet-venice.com\/wp-content\/uploads\/2025\/05\/photo-1595196862630-d5825e9ee2da.avif 2070w, https:\/\/sweet-venice.com\/wp-content\/uploads\/2025\/05\/photo-1595196862630-d5825e9ee2da-300x200.avif 300w, https:\/\/sweet-venice.com\/wp-content\/uploads\/2025\/05\/photo-1595196862630-d5825e9ee2da-1024x683.avif 1024w, https:\/\/sweet-venice.com\/wp-content\/uploads\/2025\/05\/photo-1595196862630-d5825e9ee2da-768x512.avif 768w, https:\/\/sweet-venice.com\/wp-content\/uploads\/2025\/05\/photo-1595196862630-d5825e9ee2da-1536x1024.avif 1536w, https:\/\/sweet-venice.com\/wp-content\/uploads\/2025\/05\/photo-1595196862630-d5825e9ee2da-2048x1365.avif 2048w\" sizes=\"(max-width: 2070px) 100vw, 2070px\" \/>\t\t\t\t\t\t\t\t\t\t\t\t\t\t\t<\/div>\n\t\t\t\t<\/div>\n\t\t\t\t<section class=\"elementor-section elementor-inner-section elementor-element elementor-element-5f9c77b elementor-section-boxed elementor-section-height-default elementor-section-height-default\" data-id=\"5f9c77b\" data-element_type=\"section\" data-settings=\"{&quot;background_background&quot;:&quot;classic&quot;}\">\n\t\t\t\t\t\t\t<div class=\"elementor-background-overlay\"><\/div>\n\t\t\t\t\t\t\t<div class=\"elementor-container elementor-column-gap-default\">\n\t\t\t\t\t<div class=\"elementor-column elementor-col-100 elementor-inner-column elementor-element elementor-element-e1a3cbe\" data-id=\"e1a3cbe\" data-element_type=\"column\" data-settings=\"{&quot;background_background&quot;:&quot;classic&quot;}\">\n\t\t\t<div class=\"elementor-widget-wrap elementor-element-populated\">\n\t\t\t\t\t<div class=\"elementor-background-overlay\"><\/div>\n\t\t\t\t\t\t<div class=\"elementor-element elementor-element-5fee450 elementor-widget elementor-widget-text-editor\" data-id=\"5fee450\" data-element_type=\"widget\" data-widget_type=\"text-editor.default\">\n\t\t\t\t<div class=\"elementor-widget-container\">\n\t\t\t\t\t\t\t\t\t<p>PRIVACY POLICY<\/p>\t\t\t\t\t\t\t\t<\/div>\n\t\t\t\t<\/div>\n\t\t\t\t<div class=\"elementor-element elementor-element-53faad8 elementor-widget elementor-widget-text-editor\" data-id=\"53faad8\" data-element_type=\"widget\" data-widget_type=\"text-editor.default\">\n\t\t\t\t<div class=\"elementor-widget-container\">\n\t\t\t\t\t\t\t\t\t<p>SWEET VENICE SMART APARTMENTS<\/p>\t\t\t\t\t\t\t\t<\/div>\n\t\t\t\t<\/div>\n\t\t\t\t\t<\/div>\n\t\t<\/div>\n\t\t\t\t\t<\/div>\n\t\t<\/section>\n\t\t\t\t\t<\/div>\n\t\t<\/div>\n\t\t\t\t\t<\/div>\n\t\t<\/section>\n\t\t\t\t<section class=\"elementor-section elementor-top-section elementor-element elementor-element-e544399 elementor-section-boxed elementor-section-height-default elementor-section-height-default\" data-id=\"e544399\" data-element_type=\"section\" id=\"formbox\" data-settings=\"{&quot;background_background&quot;:&quot;classic&quot;}\">\n\t\t\t\t\t\t\t<div class=\"elementor-background-overlay\"><\/div>\n\t\t\t\t\t\t\t<div class=\"elementor-container elementor-column-gap-default\">\n\t\t\t\t\t<div class=\"elementor-column elementor-col-100 elementor-top-column elementor-element elementor-element-f035824\" data-id=\"f035824\" data-element_type=\"column\">\n\t\t\t<div class=\"elementor-widget-wrap elementor-element-populated\">\n\t\t\t\t\t\t<div class=\"elementor-element elementor-element-eaf611b no_br elementor-widget elementor-widget-text-editor\" data-id=\"eaf611b\" data-element_type=\"widget\" data-widget_type=\"text-editor.default\">\n\t\t\t\t<div class=\"elementor-widget-container\">\n\t\t\t\t\t\t\t\t\t<main id=\"content\" class=\"site-main post-4362 page type-page status-publish hentry\"><div class=\"page-content\"><ol class=\"wp-block-list\"><li>Conformemente all\u2019impegno e alla cura che la struttura dedica alla tutela dei dati personali, ti informiamo sulle modalit\u00e0, finalit\u00e0 e ambito di comunicazione e diffusione dei tuoi dati personali e sui tuoi diritti, in conformit\u00e0 all\u2019art. 13 del GDPR.<\/li><li>CATEGORIE DI DATI PERSONALI TRATTATI DAL TITOLARE DEL TRATTAMENTO<br \/>Per offrirti i servizi previsti dal proprio sito internet la struttura, in qualit\u00e0 di Titolare del trattamento, deve trattare alcuni dati personali necessari per l\u2019erogazione dei servizi.<br \/>Questi dati possono essere forniti implicitamente dagli strumenti che utilizzi per accedere e fruire dei servizi o possono essere forniti in modo esplicito da te.<br \/>La struttura potr\u00e0 trattare le seguenti categorie di dati personali degli utenti:<br \/>\u2022 dati tecnici di navigazione relativi all\u2019indirizzo IP, ai codici identificativi dei dispositivi utilizzati dall\u2019utente per la fruizione del sito o dei servizi, alle caratteristiche del browser e agli orari di accesso;<br \/>\u2022 dati di navigazione finalizzati alla profilazione forniti indirettamente mediante la fruizione stessa del servizio e ottenuti e analizzati previo consenso dell\u2019utente;<br \/>\u2022 dati comuni identificativi forniti dall\u2019utente (es. nome, cognome, email, numero di telefono, ecc.) per la fruizione dei prodotti e dei servizi;2. FINALIT\u00c0 E BASI GIURIDICHE DEL TRATTAMENTO<br \/>I dati e i cookies da te ricevuti saranno trattati da la struttura esclusivamente con modalit\u00e0 e procedure necessarie per fornirti i servizi richiesti e per le finalit\u00e0 ulteriori per le quali hai espresso il consenso.<br \/>Solo con il tuo espresso consenso i dati potranno essere utilizzati per effettuare analisi statistiche, indagini di mercato, attivit\u00e0 promozionali tramite i social media e invio di informazioni commerciali sui prodotti e sulle iniziative promozionali di la struttura.<\/li><li>1. TRASFERIMENTO DI DATI ALL\u2019ESTERO<br \/>I tuoi dati personali saranno trattati dalla struttura all\u2019interno del territorio dell\u2019Unione Europea.<br \/>Qualora per questioni di natura tecnica e\/o operativa si renda necessario avvalersi di soggetti ubicati al di fuori dell\u2019Unione Europea, oppure si renda necessario trasferire alcuni dei dati raccolti verso sistemi tecnici e servizi gestiti in cloud e localizzati al di fuori dell\u2019area dell\u2019Unione Europea, il trattamento sar\u00e0 regolato in conformit\u00e0 a quanto previsto dal capo V del Regolamento e autorizzato in base a specifiche decisioni dell\u2019Unione Europea. Saranno quindi adottate tutte le cautele necessarie al fine di garantire la pi\u00f9 totale protezione dei dati personali basando tale trasferimento: a) su decisioni di adeguatezza dei paesi terzi destinatari espressi dalla Commissione Europea; b) su garanzie adeguate espresse dal soggetto terzo destinatario ai sensi dell\u2019art. 46 del Regolamento; c) sull\u2019adozione di norme vincolanti d\u2019impresa, cd. Corporate binding rules.2. DURATA DEL TRATTAMENTO E CONSERVAZIONE DEI DATI PERSONALI<br \/>La struttura in accordo con l\u2019Art. 5.1 e) del GDPR tratter\u00e0 i dati da te conferiti per tutta la durata di esecuzione dei servizi richiesti e li conserver\u00e0 per i 12 mesi successivi ai fini del completamento delle attivit\u00e0 amministrative., oltre che per il tempo necessario ad adempiere gli obblighi di legge.<br \/>Qualora tu abbia autorizzato il trattamento di profilazione, i dati anonimi di volta in volta osservati, saranno cancellati dopo 12 mesi dall\u2019inizio del trattamento.3. DIRITTI DELL\u2019INTERESSATO<br \/>La struttura ti garantisce di poter esercitare in qualsiasi momento i diritti previsti dall\u2019art. 12 del GDPR. In particolare tu hai il diritto:<br \/>\u2013 di sapere se il Titolare detiene e\/o tratta dati personali relativi alla tua persona e ad accedervi integralmente anche ottenendone copia (art. 15 Diritto all\u2019accesso),<br \/>\u2013 alla rettifica dei dati personali inesatti o all\u2019integrazione dei dati personali incompleti (Art. 16 Diritto di rettifica);<br \/>\u2013 alla cancellazione dei dati personali in possesso del Titolare se sussiste uno dei motivi previsti dal GDPR (Diritto alla Cancellazione, 17);<br \/>\u2013 a chiedere al Titolare di limitare il trattamento solo ad alcuni dati personali, se sussiste uno dei motivi previsti dal Regolamento (Art. 18 Diritto alla limitazione del trattamento);<br \/>\u2013 di richiedere e ricevere tutti i tuoi dati personali trattati dal titolare, in formato strutturato, di uso comune e leggibili da dispositivo automatico oppure richiedere la trasmissione ad altro titolare senza impedimenti (Art. 20, Diritto alla Portabilit\u00e0);<br \/>\u2013 di opporti in tutto o in parte al trattamento dei dati per finalit\u00e0 di invio di materiale pubblicitario e ricerche di mercato (c.d. Consenso) (art. 21 Diritto di opposizione)<br \/>\u2013 di opporti in tutto o in parte al trattamento dei dati in modalit\u00e0 automatica o semiautomatica per finalit\u00e0 di profilazione (c.d. Consenso)L\u2019esercizio di questi diritti pu\u00f2 essere esercitato mediante comunicazione al Titolare del Trattamento\/Data Protection Officer i cui recapiti sono indicati nell\u2019apposita sezione di questa informativa.<br \/>Inoltre tu hai sempre il diritto di proporre reclamo all\u2019Autorit\u00e0 Garante per la Protezione dei dati Personali, contattabile all\u2019indirizzo garante@gpdp.it o mediante il sito http:\/\/www.gpdp.it.4. RESPONSABILE PRIVACY<br \/>La struttura ha individuato e nominato, a norma dell\u2019art. 37 del GDPR un Data Protection Officer e si \u00e8 dotata di un ufficio per la gestione delle richieste inerenti la privacy dei propri utenti e clienti.Per l\u2019esercizio dei diritti a te garantiti puoi rivolgerti ai seguenti recapiti:<br \/>N. Paduano, Castello 4788, 30122 Venezia, info@sweet-venice.com<\/li><li><strong>9. ULTIMO AGGIORNAMENTO\u00a0<\/strong>Questa Informativa Privacy \u00e8 aggiornata al\u00a0<strong>25\/12\/202<\/strong>3<\/li><\/ol><p>\u00a0<\/p><p>\u00a0<\/p><\/div><\/main><footer id=\"colophon\" role=\"contentinfo\"><div class=\"footer-width-fixer\"><div class=\"elementor elementor-4371\" data-elementor-type=\"wp-post\" data-elementor-id=\"4371\"><section class=\"elementor-section elementor-top-section elementor-element elementor-element-6bb5114 elementor-section-boxed elementor-section-height-default elementor-section-height-default\" data-id=\"6bb5114\" data-element_type=\"section\" data-settings=\"{&quot;background_background&quot;:&quot;classic&quot;}\"><div class=\"elementor-container elementor-column-gap-default\"><div class=\"elementor-column elementor-col-100 elementor-top-column elementor-element elementor-element-ef955e6\" data-id=\"ef955e6\" data-element_type=\"column\"><div class=\"elementor-widget-wrap elementor-element-populated\"><div class=\"elementor-element elementor-element-857f340 elementor-widget elementor-widget-image\" data-id=\"857f340\" data-element_type=\"widget\" data-widget_type=\"image.default\">\u00a0<\/div><\/div><\/div><\/div><\/section><\/div><\/div><\/footer>\t\t\t\t\t\t\t\t<\/div>\n\t\t\t\t<\/div>\n\t\t\t\t\t<\/div>\n\t\t<\/div>\n\t\t\t\t\t<\/div>\n\t\t<\/section>\n\t\t\t\t<\/div>\n\t\t","protected":false},"excerpt":{"rendered":"<p>PRIVACY POLICY SWEET VENICE SMART APARTMENTS Conformemente all\u2019impegno e alla cura che la struttura dedica alla tutela dei dati personali, ti informiamo sulle modalit\u00e0, finalit\u00e0 e ambito di comunicazione e diffusione dei tuoi dati personali e sui tuoi diritti, in conformit\u00e0 all\u2019art. 13 del GDPR. CATEGORIE DI DATI PERSONALI TRATTATI DAL TITOLARE DEL TRATTAMENTOPer offrirti [&hellip;]<\/p>\n","protected":false},"author":1,"featured_media":0,"parent":0,"menu_order":0,"comment_status":"closed","ping_status":"closed","template":"","meta":{"inline_featured_image":false,"footnotes":""},"class_list":["post-5261","page","type-page","status-publish","hentry"],"yoast_head":"<!-- This site is optimized with the Yoast SEO plugin v25.2 - https:\/\/yoast.com\/wordpress\/plugins\/seo\/ -->\n<title>Privacy Policy - Sweet Venice<\/title>\n<meta name=\"robots\" content=\"index, follow, max-snippet:-1, max-image-preview:large, max-video-preview:-1\" \/>\n<link rel=\"canonical\" href=\"https:\/\/sweet-venice.com\/de\/privacy-policy\/\" \/>\n<meta property=\"og:locale\" content=\"de_DE\" \/>\n<meta property=\"og:type\" content=\"article\" \/>\n<meta property=\"og:title\" content=\"Privacy Policy - Sweet Venice\" \/>\n<meta property=\"og:description\" content=\"PRIVACY POLICY SWEET VENICE SMART APARTMENTS Conformemente all\u2019impegno e alla cura che la struttura dedica alla tutela dei dati personali, ti informiamo sulle modalit\u00e0, finalit\u00e0 e ambito di comunicazione e diffusione dei tuoi dati personali e sui tuoi diritti, in conformit\u00e0 all\u2019art. 13 del GDPR. CATEGORIE DI DATI PERSONALI TRATTATI DAL TITOLARE DEL TRATTAMENTOPer offrirti [&hellip;]\" \/>\n<meta property=\"og:url\" content=\"https:\/\/sweet-venice.com\/de\/privacy-policy\/\" \/>\n<meta property=\"og:site_name\" content=\"Sweet Venice\" \/>\n<meta property=\"og:image\" content=\"https:\/\/sweet-venice.com\/wp-content\/uploads\/2025\/05\/photo-1595196862630-d5825e9ee2da.avif\" \/>\n<meta name=\"twitter:card\" content=\"summary_large_image\" \/>\n<meta name=\"twitter:label1\" content=\"Gesch\u00e4tzte Lesezeit\" \/>\n\t<meta name=\"twitter:data1\" content=\"4\u00a0Minuten\" \/>\n<script type=\"application\/ld+json\" class=\"yoast-schema-graph\">{\"@context\":\"https:\/\/schema.org\",\"@graph\":[{\"@type\":\"WebPage\",\"@id\":\"https:\/\/sweet-venice.com\/de\/privacy-policy\/\",\"url\":\"https:\/\/sweet-venice.com\/de\/privacy-policy\/\",\"name\":\"Privacy Policy - Sweet Venice\",\"isPartOf\":{\"@id\":\"https:\/\/sweet-venice.com\/#website\"},\"primaryImageOfPage\":{\"@id\":\"https:\/\/sweet-venice.com\/de\/privacy-policy\/#primaryimage\"},\"image\":{\"@id\":\"https:\/\/sweet-venice.com\/de\/privacy-policy\/#primaryimage\"},\"thumbnailUrl\":\"https:\/\/sweet-venice.com\/wp-content\/uploads\/2025\/05\/photo-1595196862630-d5825e9ee2da.avif\",\"datePublished\":\"2023-07-13T06:49:23+00:00\",\"breadcrumb\":{\"@id\":\"https:\/\/sweet-venice.com\/de\/privacy-policy\/#breadcrumb\"},\"inLanguage\":\"de\",\"potentialAction\":[{\"@type\":\"ReadAction\",\"target\":[\"https:\/\/sweet-venice.com\/de\/privacy-policy\/\"]}]},{\"@type\":\"ImageObject\",\"inLanguage\":\"de\",\"@id\":\"https:\/\/sweet-venice.com\/de\/privacy-policy\/#primaryimage\",\"url\":\"https:\/\/sweet-venice.com\/wp-content\/uploads\/2025\/05\/photo-1595196862630-d5825e9ee2da.avif\",\"contentUrl\":\"https:\/\/sweet-venice.com\/wp-content\/uploads\/2025\/05\/photo-1595196862630-d5825e9ee2da.avif\"},{\"@type\":\"BreadcrumbList\",\"@id\":\"https:\/\/sweet-venice.com\/de\/privacy-policy\/#breadcrumb\",\"itemListElement\":[{\"@type\":\"ListItem\",\"position\":1,\"name\":\"Home\",\"item\":\"https:\/\/sweet-venice.com\/de\/\"},{\"@type\":\"ListItem\",\"position\":2,\"name\":\"Privacy Policy\"}]},{\"@type\":\"WebSite\",\"@id\":\"https:\/\/sweet-venice.com\/#website\",\"url\":\"https:\/\/sweet-venice.com\/\",\"name\":\"Sweet Venice\",\"description\":\"\",\"publisher\":{\"@id\":\"https:\/\/sweet-venice.com\/#organization\"},\"potentialAction\":[{\"@type\":\"SearchAction\",\"target\":{\"@type\":\"EntryPoint\",\"urlTemplate\":\"https:\/\/sweet-venice.com\/?s={search_term_string}\"},\"query-input\":{\"@type\":\"PropertyValueSpecification\",\"valueRequired\":true,\"valueName\":\"search_term_string\"}}],\"inLanguage\":\"de\"},{\"@type\":\"Organization\",\"@id\":\"https:\/\/sweet-venice.com\/#organization\",\"name\":\"Sweet Venice\",\"url\":\"https:\/\/sweet-venice.com\/\",\"logo\":{\"@type\":\"ImageObject\",\"inLanguage\":\"de\",\"@id\":\"https:\/\/sweet-venice.com\/#\/schema\/logo\/image\/\",\"url\":\"https:\/\/sweet-venice.com\/wp-content\/uploads\/2023\/10\/Icon.png\",\"contentUrl\":\"https:\/\/sweet-venice.com\/wp-content\/uploads\/2023\/10\/Icon.png\",\"width\":441,\"height\":149,\"caption\":\"Sweet Venice\"},\"image\":{\"@id\":\"https:\/\/sweet-venice.com\/#\/schema\/logo\/image\/\"}}]}<\/script>\n<!-- \/ Yoast SEO plugin. -->","yoast_head_json":{"title":"Privacy Policy - Sweet Venice","robots":{"index":"index","follow":"follow","max-snippet":"max-snippet:-1","max-image-preview":"max-image-preview:large","max-video-preview":"max-video-preview:-1"},"canonical":"https:\/\/sweet-venice.com\/de\/privacy-policy\/","og_locale":"de_DE","og_type":"article","og_title":"Privacy Policy - Sweet Venice","og_description":"PRIVACY POLICY SWEET VENICE SMART APARTMENTS Conformemente all\u2019impegno e alla cura che la struttura dedica alla tutela dei dati personali, ti informiamo sulle modalit\u00e0, finalit\u00e0 e ambito di comunicazione e diffusione dei tuoi dati personali e sui tuoi diritti, in conformit\u00e0 all\u2019art. 13 del GDPR. CATEGORIE DI DATI PERSONALI TRATTATI DAL TITOLARE DEL TRATTAMENTOPer offrirti [&hellip;]","og_url":"https:\/\/sweet-venice.com\/de\/privacy-policy\/","og_site_name":"Sweet Venice","og_image":[{"url":"https:\/\/sweet-venice.com\/wp-content\/uploads\/2025\/05\/photo-1595196862630-d5825e9ee2da.avif","type":"","width":"","height":""}],"twitter_card":"summary_large_image","twitter_misc":{"Gesch\u00e4tzte Lesezeit":"4\u00a0Minuten"},"schema":{"@context":"https:\/\/schema.org","@graph":[{"@type":"WebPage","@id":"https:\/\/sweet-venice.com\/de\/privacy-policy\/","url":"https:\/\/sweet-venice.com\/de\/privacy-policy\/","name":"Privacy Policy - Sweet Venice","isPartOf":{"@id":"https:\/\/sweet-venice.com\/#website"},"primaryImageOfPage":{"@id":"https:\/\/sweet-venice.com\/de\/privacy-policy\/#primaryimage"},"image":{"@id":"https:\/\/sweet-venice.com\/de\/privacy-policy\/#primaryimage"},"thumbnailUrl":"https:\/\/sweet-venice.com\/wp-content\/uploads\/2025\/05\/photo-1595196862630-d5825e9ee2da.avif","datePublished":"2023-07-13T06:49:23+00:00","breadcrumb":{"@id":"https:\/\/sweet-venice.com\/de\/privacy-policy\/#breadcrumb"},"inLanguage":"de","potentialAction":[{"@type":"ReadAction","target":["https:\/\/sweet-venice.com\/de\/privacy-policy\/"]}]},{"@type":"ImageObject","inLanguage":"de","@id":"https:\/\/sweet-venice.com\/de\/privacy-policy\/#primaryimage","url":"https:\/\/sweet-venice.com\/wp-content\/uploads\/2025\/05\/photo-1595196862630-d5825e9ee2da.avif","contentUrl":"https:\/\/sweet-venice.com\/wp-content\/uploads\/2025\/05\/photo-1595196862630-d5825e9ee2da.avif"},{"@type":"BreadcrumbList","@id":"https:\/\/sweet-venice.com\/de\/privacy-policy\/#breadcrumb","itemListElement":[{"@type":"ListItem","position":1,"name":"Home","item":"https:\/\/sweet-venice.com\/de\/"},{"@type":"ListItem","position":2,"name":"Privacy Policy"}]},{"@type":"WebSite","@id":"https:\/\/sweet-venice.com\/#website","url":"https:\/\/sweet-venice.com\/","name":"Sweet Venice","description":"","publisher":{"@id":"https:\/\/sweet-venice.com\/#organization"},"potentialAction":[{"@type":"SearchAction","target":{"@type":"EntryPoint","urlTemplate":"https:\/\/sweet-venice.com\/?s={search_term_string}"},"query-input":{"@type":"PropertyValueSpecification","valueRequired":true,"valueName":"search_term_string"}}],"inLanguage":"de"},{"@type":"Organization","@id":"https:\/\/sweet-venice.com\/#organization","name":"Sweet Venice","url":"https:\/\/sweet-venice.com\/","logo":{"@type":"ImageObject","inLanguage":"de","@id":"https:\/\/sweet-venice.com\/#\/schema\/logo\/image\/","url":"https:\/\/sweet-venice.com\/wp-content\/uploads\/2023\/10\/Icon.png","contentUrl":"https:\/\/sweet-venice.com\/wp-content\/uploads\/2023\/10\/Icon.png","width":441,"height":149,"caption":"Sweet Venice"},"image":{"@id":"https:\/\/sweet-venice.com\/#\/schema\/logo\/image\/"}}]}},"_links":{"self":[{"href":"https:\/\/sweet-venice.com\/de\/wp-json\/wp\/v2\/pages\/5261","targetHints":{"allow":["GET"]}}],"collection":[{"href":"https:\/\/sweet-venice.com\/de\/wp-json\/wp\/v2\/pages"}],"about":[{"href":"https:\/\/sweet-venice.com\/de\/wp-json\/wp\/v2\/types\/page"}],"author":[{"embeddable":true,"href":"https:\/\/sweet-venice.com\/de\/wp-json\/wp\/v2\/users\/1"}],"replies":[{"embeddable":true,"href":"https:\/\/sweet-venice.com\/de\/wp-json\/wp\/v2\/comments?post=5261"}],"version-history":[{"count":0,"href":"https:\/\/sweet-venice.com\/de\/wp-json\/wp\/v2\/pages\/5261\/revisions"}],"wp:attachment":[{"href":"https:\/\/sweet-venice.com\/de\/wp-json\/wp\/v2\/media?parent=5261"}],"curies":[{"name":"wp","href":"https:\/\/api.w.org\/{rel}","templated":true}]}}