{"id":5230,"date":"2023-07-13T08:55:10","date_gmt":"2023-07-13T06:55:10","guid":{"rendered":"https:\/\/sweet-venice.com\/cookie-policy\/"},"modified":"2025-05-26T11:17:41","modified_gmt":"2025-05-26T09:17:41","slug":"cookie-policy","status":"publish","type":"page","link":"https:\/\/sweet-venice.com\/es\/cookie-policy\/","title":{"rendered":"Cookie Policy"},"content":{"rendered":"\t\t<div data-elementor-type=\"wp-page\" data-elementor-id=\"5230\" class=\"elementor elementor-5230 elementor-1855\" data-elementor-post-type=\"page\">\n\t\t\t\t\t\t<section class=\"elementor-section elementor-top-section elementor-element elementor-element-b7657f1 elementor-section-full_width elementor-section-height-default elementor-section-height-default\" data-id=\"b7657f1\" data-element_type=\"section\" data-settings=\"{&quot;background_background&quot;:&quot;classic&quot;}\">\n\t\t\t\t\t\t<div class=\"elementor-container elementor-column-gap-default\">\n\t\t\t\t\t<div class=\"elementor-column elementor-col-100 elementor-top-column elementor-element elementor-element-2b88bba\" data-id=\"2b88bba\" data-element_type=\"column\" data-settings=\"{&quot;background_background&quot;:&quot;classic&quot;}\">\n\t\t\t<div class=\"elementor-widget-wrap elementor-element-populated\">\n\t\t\t\t\t\t<div class=\"elementor-element elementor-element-203a793 elementor-widget elementor-widget-image\" data-id=\"203a793\" data-element_type=\"widget\" data-widget_type=\"image.default\">\n\t\t\t\t<div class=\"elementor-widget-container\">\n\t\t\t\t\t\t\t\t\t\t\t\t\t\t\t<img fetchpriority=\"high\" decoding=\"async\" width=\"2070\" height=\"1380\" src=\"https:\/\/sweet-venice.com\/wp-content\/uploads\/2025\/05\/photo-1595196862630-d5825e9ee2da.avif\" class=\"attachment-full size-full wp-image-4945\" alt=\"\" srcset=\"https:\/\/sweet-venice.com\/wp-content\/uploads\/2025\/05\/photo-1595196862630-d5825e9ee2da.avif 2070w, https:\/\/sweet-venice.com\/wp-content\/uploads\/2025\/05\/photo-1595196862630-d5825e9ee2da-300x200.avif 300w, https:\/\/sweet-venice.com\/wp-content\/uploads\/2025\/05\/photo-1595196862630-d5825e9ee2da-1024x683.avif 1024w, https:\/\/sweet-venice.com\/wp-content\/uploads\/2025\/05\/photo-1595196862630-d5825e9ee2da-768x512.avif 768w, https:\/\/sweet-venice.com\/wp-content\/uploads\/2025\/05\/photo-1595196862630-d5825e9ee2da-1536x1024.avif 1536w, https:\/\/sweet-venice.com\/wp-content\/uploads\/2025\/05\/photo-1595196862630-d5825e9ee2da-2048x1365.avif 2048w\" sizes=\"(max-width: 2070px) 100vw, 2070px\" \/>\t\t\t\t\t\t\t\t\t\t\t\t\t\t\t<\/div>\n\t\t\t\t<\/div>\n\t\t\t\t<section class=\"elementor-section elementor-inner-section elementor-element elementor-element-5f9c77b elementor-section-boxed elementor-section-height-default elementor-section-height-default\" data-id=\"5f9c77b\" data-element_type=\"section\" data-settings=\"{&quot;background_background&quot;:&quot;classic&quot;}\">\n\t\t\t\t\t\t\t<div class=\"elementor-background-overlay\"><\/div>\n\t\t\t\t\t\t\t<div class=\"elementor-container elementor-column-gap-default\">\n\t\t\t\t\t<div class=\"elementor-column elementor-col-100 elementor-inner-column elementor-element elementor-element-e1a3cbe\" data-id=\"e1a3cbe\" data-element_type=\"column\" data-settings=\"{&quot;background_background&quot;:&quot;classic&quot;}\">\n\t\t\t<div class=\"elementor-widget-wrap elementor-element-populated\">\n\t\t\t\t\t<div class=\"elementor-background-overlay\"><\/div>\n\t\t\t\t\t\t<div class=\"elementor-element elementor-element-5fee450 elementor-widget elementor-widget-text-editor\" data-id=\"5fee450\" data-element_type=\"widget\" data-widget_type=\"text-editor.default\">\n\t\t\t\t<div class=\"elementor-widget-container\">\n\t\t\t\t\t\t\t\t\t<p>COOKIE POLICY<\/p>\t\t\t\t\t\t\t\t<\/div>\n\t\t\t\t<\/div>\n\t\t\t\t<div class=\"elementor-element elementor-element-2f82532 elementor-widget elementor-widget-text-editor\" data-id=\"2f82532\" data-element_type=\"widget\" data-widget_type=\"text-editor.default\">\n\t\t\t\t<div class=\"elementor-widget-container\">\n\t\t\t\t\t\t\t\t\t<p>SWEET VENICE SMART APARTMENTS<\/p>\t\t\t\t\t\t\t\t<\/div>\n\t\t\t\t<\/div>\n\t\t\t\t\t<\/div>\n\t\t<\/div>\n\t\t\t\t\t<\/div>\n\t\t<\/section>\n\t\t\t\t\t<\/div>\n\t\t<\/div>\n\t\t\t\t\t<\/div>\n\t\t<\/section>\n\t\t\t\t<section class=\"elementor-section elementor-top-section elementor-element elementor-element-e544399 elementor-section-boxed elementor-section-height-default elementor-section-height-default\" data-id=\"e544399\" data-element_type=\"section\" id=\"formbox\" data-settings=\"{&quot;background_background&quot;:&quot;classic&quot;}\">\n\t\t\t\t\t\t\t<div class=\"elementor-background-overlay\"><\/div>\n\t\t\t\t\t\t\t<div class=\"elementor-container elementor-column-gap-default\">\n\t\t\t\t\t<div class=\"elementor-column elementor-col-100 elementor-top-column elementor-element elementor-element-f035824\" data-id=\"f035824\" data-element_type=\"column\">\n\t\t\t<div class=\"elementor-widget-wrap elementor-element-populated\">\n\t\t\t\t\t\t<div class=\"elementor-element elementor-element-9118835 no_br elementor-widget elementor-widget-text-editor\" data-id=\"9118835\" data-element_type=\"widget\" data-widget_type=\"text-editor.default\">\n\t\t\t\t<div class=\"elementor-widget-container\">\n\t\t\t\t\t\t\t\t\t<p>Pol\u00edtica de cookies<\/p><p>Con el fin de hacer lo m\u00e1s c\u00f3moda posible su visita a nuestro sitio web y presentarle nuestra gama de productos, utilizamos cookies y, ocasionalmente, algunas herramientas de an\u00e1lisis del uso de nuestras p\u00e1ginas web destinadas a mejorar su usabilidad.<\/p><p>Este sitio web utiliza cookies y tecnolog\u00edas de elaboraci\u00f3n de perfiles. Haga clic para acceder a la cookie de creaci\u00f3n de perfiles. Haga clic en RECHAZAR o X para rechazar todas las cookies de creaci\u00f3n de perfiles. Al hacer clic en su informaci\u00f3n personal, es posible seleccionar qu\u00e9 cookies de perfil permitir.<\/p><p>Tipos de galletas<\/p><p>Este sitio o producto puede utilizar cuatro tipos diferentes de cookies:<\/p><p>Cookies t\u00e9cnicas esenciales<br \/>Necesario para el correcto funcionamiento del sitio.<br \/>Permitir la navegaci\u00f3n por las p\u00e1ginas, compartir contenido y almacenar las credenciales de inicio de sesi\u00f3n.<br \/>Cookies t\u00e9cnicas esenciales para estad\u00edsticas y an\u00e1lisis de rendimiento.<br \/>Perm\u00edtanos saber c\u00f3mo los visitantes utilizan el sitio para evaluarlo y mejorarlo.<br \/>Cookies funcionales y de perfil de terceros<br \/>Incluye cookies entregadas por socios de la organizaci\u00f3n y conocidas por ella.<br \/>Tambi\u00e9n incluye cookies enviadas por terceros que no est\u00e1n directamente controlados ni controlables por la organizaci\u00f3n.<br \/>Gesti\u00f3n de cookies<\/p><p>Si tiene dudas o inquietudes sobre el uso de cookies, puede intervenir para impedir su instalaci\u00f3n y lectura, por ejemplo, cambiando la configuraci\u00f3n de privacidad de su navegador.<\/p><p>Aceptaci\u00f3n o Rechazo de Cookies<\/p><p>Al continuar navegando por este sitio, cerrar la barra de informaci\u00f3n, o hacer clic en cualquier parte de la p\u00e1gina, realiza un acto manifiesto y expl\u00edcito de aceptaci\u00f3n de la Pol\u00edtica de Cookies de la organizaci\u00f3n, y se eliminar\u00e1n las cookies cuya negativa usted no haya declarado. ser fijado y recogido.<\/p><p>Duraci\u00f3n del tratamiento<\/p><p>Las cookies gestionadas por la organizaci\u00f3n tienen una duraci\u00f3n m\u00e1xima de 365 d\u00edas salvo que usted realice renovaciones voluntarias reiterando su consentimiento. Las cookies de elaboraci\u00f3n de perfiles gestionadas por la organizaci\u00f3n son an\u00f3nimas y permanecen en los sistemas estad\u00edsticos con fines estad\u00edsticos exclusivos, incluso si ya no son atribuibles a su navegador.<\/p><p>Derechos del interesado<\/p><p>Puede ejercer su derecho a oponerse al uso total de cookies abandonando este sitio. Si tiene la intenci\u00f3n de rechazar el uso de una o m\u00e1s cookies no esenciales, puede negar el consentimiento a las cookies administradas por la organizaci\u00f3n o sus socios directamente desde esta informaci\u00f3n con los selectores de \u201crechazo\u201d al lado del nombre de la cookie o de su proveedor.<\/p><p>\u00daltima actualizaci\u00f3n: 23\/12\/2023<\/p>\t\t\t\t\t\t\t\t<\/div>\n\t\t\t\t<\/div>\n\t\t\t\t\t<\/div>\n\t\t<\/div>\n\t\t\t\t\t<\/div>\n\t\t<\/section>\n\t\t\t\t<\/div>\n\t\t","protected":false},"excerpt":{"rendered":"<p>COOKIE POLICY SWEET VENICE SMART APARTMENTS Pol\u00edtica de cookies Con el fin de hacer lo m\u00e1s c\u00f3moda posible su visita a nuestro sitio web y presentarle nuestra gama de productos, utilizamos cookies y, ocasionalmente, algunas herramientas de an\u00e1lisis del uso de nuestras p\u00e1ginas web destinadas a mejorar su usabilidad. Este sitio web utiliza cookies y [&hellip;]<\/p>\n","protected":false},"author":1,"featured_media":0,"parent":0,"menu_order":0,"comment_status":"closed","ping_status":"closed","template":"","meta":{"inline_featured_image":false,"footnotes":""},"class_list":["post-5230","page","type-page","status-publish","hentry"],"yoast_head":"<!-- This site is optimized with the Yoast SEO plugin v25.2 - https:\/\/yoast.com\/wordpress\/plugins\/seo\/ -->\n<title>Cookie Policy - Acqua Vita<\/title>\n<meta name=\"robots\" content=\"index, follow, max-snippet:-1, max-image-preview:large, max-video-preview:-1\" \/>\n<link rel=\"canonical\" href=\"https:\/\/sweet-venice.com\/es\/cookie-policy\/\" \/>\n<meta property=\"og:locale\" content=\"es_ES\" \/>\n<meta property=\"og:type\" content=\"article\" \/>\n<meta property=\"og:title\" content=\"Cookie Policy - Acqua Vita\" \/>\n<meta property=\"og:description\" content=\"COOKIE POLICY SWEET VENICE SMART APARTMENTS Pol\u00edtica de cookies Con el fin de hacer lo m\u00e1s c\u00f3moda posible su visita a nuestro sitio web y presentarle nuestra gama de productos, utilizamos cookies y, ocasionalmente, algunas herramientas de an\u00e1lisis del uso de nuestras p\u00e1ginas web destinadas a mejorar su usabilidad. Este sitio web utiliza cookies y [&hellip;]\" \/>\n<meta property=\"og:url\" content=\"https:\/\/sweet-venice.com\/es\/cookie-policy\/\" \/>\n<meta property=\"og:site_name\" content=\"Acqua Vita\" \/>\n<meta property=\"article:modified_time\" content=\"2025-05-26T09:17:41+00:00\" \/>\n<meta name=\"twitter:card\" content=\"summary_large_image\" \/>\n<meta name=\"twitter:label1\" content=\"Tiempo de lectura\" \/>\n\t<meta name=\"twitter:data1\" content=\"3 minutos\" \/>\n<script type=\"application\/ld+json\" class=\"yoast-schema-graph\">{\"@context\":\"https:\/\/schema.org\",\"@graph\":[{\"@type\":\"WebPage\",\"@id\":\"https:\/\/sweet-venice.com\/es\/cookie-policy\/\",\"url\":\"https:\/\/sweet-venice.com\/es\/cookie-policy\/\",\"name\":\"Cookie Policy - Acqua Vita\",\"isPartOf\":{\"@id\":\"https:\/\/sweet-venice.com\/#website\"},\"primaryImageOfPage\":{\"@id\":\"https:\/\/sweet-venice.com\/es\/cookie-policy\/#primaryimage\"},\"image\":{\"@id\":\"https:\/\/sweet-venice.com\/es\/cookie-policy\/#primaryimage\"},\"thumbnailUrl\":\"https:\/\/sweet-venice.com\/wp-content\/uploads\/2025\/05\/photo-1595196862630-d5825e9ee2da.avif\",\"datePublished\":\"2023-07-13T06:55:10+00:00\",\"dateModified\":\"2025-05-26T09:17:41+00:00\",\"breadcrumb\":{\"@id\":\"https:\/\/sweet-venice.com\/es\/cookie-policy\/#breadcrumb\"},\"inLanguage\":\"es\",\"potentialAction\":[{\"@type\":\"ReadAction\",\"target\":[\"https:\/\/sweet-venice.com\/es\/cookie-policy\/\"]}]},{\"@type\":\"ImageObject\",\"inLanguage\":\"es\",\"@id\":\"https:\/\/sweet-venice.com\/es\/cookie-policy\/#primaryimage\",\"url\":\"https:\/\/sweet-venice.com\/wp-content\/uploads\/2025\/05\/photo-1595196862630-d5825e9ee2da.avif\",\"contentUrl\":\"https:\/\/sweet-venice.com\/wp-content\/uploads\/2025\/05\/photo-1595196862630-d5825e9ee2da.avif\"},{\"@type\":\"BreadcrumbList\",\"@id\":\"https:\/\/sweet-venice.com\/es\/cookie-policy\/#breadcrumb\",\"itemListElement\":[{\"@type\":\"ListItem\",\"position\":1,\"name\":\"Home\",\"item\":\"https:\/\/sweet-venice.com\/es\/\"},{\"@type\":\"ListItem\",\"position\":2,\"name\":\"Cookie Policy\"}]},{\"@type\":\"WebSite\",\"@id\":\"https:\/\/sweet-venice.com\/#website\",\"url\":\"https:\/\/sweet-venice.com\/\",\"name\":\"Acqua Vita\",\"description\":\"Private rooms in Venice\",\"publisher\":{\"@id\":\"https:\/\/sweet-venice.com\/#organization\"},\"potentialAction\":[{\"@type\":\"SearchAction\",\"target\":{\"@type\":\"EntryPoint\",\"urlTemplate\":\"https:\/\/sweet-venice.com\/?s={search_term_string}\"},\"query-input\":{\"@type\":\"PropertyValueSpecification\",\"valueRequired\":true,\"valueName\":\"search_term_string\"}}],\"inLanguage\":\"es\"},{\"@type\":\"Organization\",\"@id\":\"https:\/\/sweet-venice.com\/#organization\",\"name\":\"Acqua Vita\",\"url\":\"https:\/\/sweet-venice.com\/\",\"logo\":{\"@type\":\"ImageObject\",\"inLanguage\":\"es\",\"@id\":\"https:\/\/sweet-venice.com\/#\/schema\/logo\/image\/\",\"url\":\"https:\/\/sweet-venice.com\/wp-content\/uploads\/2023\/10\/Icon.png\",\"contentUrl\":\"https:\/\/sweet-venice.com\/wp-content\/uploads\/2023\/10\/Icon.png\",\"width\":441,\"height\":149,\"caption\":\"Acqua Vita\"},\"image\":{\"@id\":\"https:\/\/sweet-venice.com\/#\/schema\/logo\/image\/\"}}]}<\/script>\n<!-- \/ Yoast SEO plugin. -->","yoast_head_json":{"title":"Cookie Policy - Acqua Vita","robots":{"index":"index","follow":"follow","max-snippet":"max-snippet:-1","max-image-preview":"max-image-preview:large","max-video-preview":"max-video-preview:-1"},"canonical":"https:\/\/sweet-venice.com\/es\/cookie-policy\/","og_locale":"es_ES","og_type":"article","og_title":"Cookie Policy - Acqua Vita","og_description":"COOKIE POLICY SWEET VENICE SMART APARTMENTS Pol\u00edtica de cookies Con el fin de hacer lo m\u00e1s c\u00f3moda posible su visita a nuestro sitio web y presentarle nuestra gama de productos, utilizamos cookies y, ocasionalmente, algunas herramientas de an\u00e1lisis del uso de nuestras p\u00e1ginas web destinadas a mejorar su usabilidad. Este sitio web utiliza cookies y [&hellip;]","og_url":"https:\/\/sweet-venice.com\/es\/cookie-policy\/","og_site_name":"Acqua Vita","article_modified_time":"2025-05-26T09:17:41+00:00","twitter_card":"summary_large_image","twitter_misc":{"Tiempo de lectura":"3 minutos"},"schema":{"@context":"https:\/\/schema.org","@graph":[{"@type":"WebPage","@id":"https:\/\/sweet-venice.com\/es\/cookie-policy\/","url":"https:\/\/sweet-venice.com\/es\/cookie-policy\/","name":"Cookie Policy - Acqua Vita","isPartOf":{"@id":"https:\/\/sweet-venice.com\/#website"},"primaryImageOfPage":{"@id":"https:\/\/sweet-venice.com\/es\/cookie-policy\/#primaryimage"},"image":{"@id":"https:\/\/sweet-venice.com\/es\/cookie-policy\/#primaryimage"},"thumbnailUrl":"https:\/\/sweet-venice.com\/wp-content\/uploads\/2025\/05\/photo-1595196862630-d5825e9ee2da.avif","datePublished":"2023-07-13T06:55:10+00:00","dateModified":"2025-05-26T09:17:41+00:00","breadcrumb":{"@id":"https:\/\/sweet-venice.com\/es\/cookie-policy\/#breadcrumb"},"inLanguage":"es","potentialAction":[{"@type":"ReadAction","target":["https:\/\/sweet-venice.com\/es\/cookie-policy\/"]}]},{"@type":"ImageObject","inLanguage":"es","@id":"https:\/\/sweet-venice.com\/es\/cookie-policy\/#primaryimage","url":"https:\/\/sweet-venice.com\/wp-content\/uploads\/2025\/05\/photo-1595196862630-d5825e9ee2da.avif","contentUrl":"https:\/\/sweet-venice.com\/wp-content\/uploads\/2025\/05\/photo-1595196862630-d5825e9ee2da.avif"},{"@type":"BreadcrumbList","@id":"https:\/\/sweet-venice.com\/es\/cookie-policy\/#breadcrumb","itemListElement":[{"@type":"ListItem","position":1,"name":"Home","item":"https:\/\/sweet-venice.com\/es\/"},{"@type":"ListItem","position":2,"name":"Cookie Policy"}]},{"@type":"WebSite","@id":"https:\/\/sweet-venice.com\/#website","url":"https:\/\/sweet-venice.com\/","name":"Acqua Vita","description":"Private rooms in Venice","publisher":{"@id":"https:\/\/sweet-venice.com\/#organization"},"potentialAction":[{"@type":"SearchAction","target":{"@type":"EntryPoint","urlTemplate":"https:\/\/sweet-venice.com\/?s={search_term_string}"},"query-input":{"@type":"PropertyValueSpecification","valueRequired":true,"valueName":"search_term_string"}}],"inLanguage":"es"},{"@type":"Organization","@id":"https:\/\/sweet-venice.com\/#organization","name":"Acqua Vita","url":"https:\/\/sweet-venice.com\/","logo":{"@type":"ImageObject","inLanguage":"es","@id":"https:\/\/sweet-venice.com\/#\/schema\/logo\/image\/","url":"https:\/\/sweet-venice.com\/wp-content\/uploads\/2023\/10\/Icon.png","contentUrl":"https:\/\/sweet-venice.com\/wp-content\/uploads\/2023\/10\/Icon.png","width":441,"height":149,"caption":"Acqua Vita"},"image":{"@id":"https:\/\/sweet-venice.com\/#\/schema\/logo\/image\/"}}]}},"_links":{"self":[{"href":"https:\/\/sweet-venice.com\/es\/wp-json\/wp\/v2\/pages\/5230","targetHints":{"allow":["GET"]}}],"collection":[{"href":"https:\/\/sweet-venice.com\/es\/wp-json\/wp\/v2\/pages"}],"about":[{"href":"https:\/\/sweet-venice.com\/es\/wp-json\/wp\/v2\/types\/page"}],"author":[{"embeddable":true,"href":"https:\/\/sweet-venice.com\/es\/wp-json\/wp\/v2\/users\/1"}],"replies":[{"embeddable":true,"href":"https:\/\/sweet-venice.com\/es\/wp-json\/wp\/v2\/comments?post=5230"}],"version-history":[{"count":3,"href":"https:\/\/sweet-venice.com\/es\/wp-json\/wp\/v2\/pages\/5230\/revisions"}],"predecessor-version":[{"id":5641,"href":"https:\/\/sweet-venice.com\/es\/wp-json\/wp\/v2\/pages\/5230\/revisions\/5641"}],"wp:attachment":[{"href":"https:\/\/sweet-venice.com\/es\/wp-json\/wp\/v2\/media?parent=5230"}],"curies":[{"name":"wp","href":"https:\/\/api.w.org\/{rel}","templated":true}]}}