{"id":5262,"date":"2023-07-13T08:49:23","date_gmt":"2023-07-13T06:49:23","guid":{"rendered":"https:\/\/sweet-venice.com\/privacy-policy\/"},"modified":"2025-05-26T11:08:36","modified_gmt":"2025-05-26T09:08:36","slug":"privacy-policy","status":"publish","type":"page","link":"https:\/\/sweet-venice.com\/es\/privacy-policy\/","title":{"rendered":"Privacy Policy"},"content":{"rendered":"\t\t<div data-elementor-type=\"wp-page\" data-elementor-id=\"5262\" class=\"elementor elementor-5262 elementor-1840\" data-elementor-post-type=\"page\">\n\t\t\t\t\t\t<section class=\"elementor-section elementor-top-section elementor-element elementor-element-b7657f1 elementor-section-full_width elementor-section-height-default elementor-section-height-default\" data-id=\"b7657f1\" data-element_type=\"section\" data-settings=\"{&quot;background_background&quot;:&quot;classic&quot;}\">\n\t\t\t\t\t\t<div class=\"elementor-container elementor-column-gap-default\">\n\t\t\t\t\t<div class=\"elementor-column elementor-col-100 elementor-top-column elementor-element elementor-element-2b88bba\" data-id=\"2b88bba\" data-element_type=\"column\" data-settings=\"{&quot;background_background&quot;:&quot;classic&quot;}\">\n\t\t\t<div class=\"elementor-widget-wrap elementor-element-populated\">\n\t\t\t\t\t\t<div class=\"elementor-element elementor-element-203a793 elementor-widget elementor-widget-image\" data-id=\"203a793\" data-element_type=\"widget\" data-widget_type=\"image.default\">\n\t\t\t\t<div class=\"elementor-widget-container\">\n\t\t\t\t\t\t\t\t\t\t\t\t\t\t\t<img fetchpriority=\"high\" decoding=\"async\" width=\"2070\" height=\"1380\" src=\"https:\/\/sweet-venice.com\/wp-content\/uploads\/2025\/05\/photo-1595196862630-d5825e9ee2da.avif\" class=\"attachment-full size-full wp-image-4945\" alt=\"\" srcset=\"https:\/\/sweet-venice.com\/wp-content\/uploads\/2025\/05\/photo-1595196862630-d5825e9ee2da.avif 2070w, https:\/\/sweet-venice.com\/wp-content\/uploads\/2025\/05\/photo-1595196862630-d5825e9ee2da-300x200.avif 300w, https:\/\/sweet-venice.com\/wp-content\/uploads\/2025\/05\/photo-1595196862630-d5825e9ee2da-1024x683.avif 1024w, https:\/\/sweet-venice.com\/wp-content\/uploads\/2025\/05\/photo-1595196862630-d5825e9ee2da-768x512.avif 768w, https:\/\/sweet-venice.com\/wp-content\/uploads\/2025\/05\/photo-1595196862630-d5825e9ee2da-1536x1024.avif 1536w, https:\/\/sweet-venice.com\/wp-content\/uploads\/2025\/05\/photo-1595196862630-d5825e9ee2da-2048x1365.avif 2048w\" sizes=\"(max-width: 2070px) 100vw, 2070px\" \/>\t\t\t\t\t\t\t\t\t\t\t\t\t\t\t<\/div>\n\t\t\t\t<\/div>\n\t\t\t\t<section class=\"elementor-section elementor-inner-section elementor-element elementor-element-5f9c77b elementor-section-boxed elementor-section-height-default elementor-section-height-default\" data-id=\"5f9c77b\" data-element_type=\"section\" data-settings=\"{&quot;background_background&quot;:&quot;classic&quot;}\">\n\t\t\t\t\t\t\t<div class=\"elementor-background-overlay\"><\/div>\n\t\t\t\t\t\t\t<div class=\"elementor-container elementor-column-gap-default\">\n\t\t\t\t\t<div class=\"elementor-column elementor-col-100 elementor-inner-column elementor-element elementor-element-e1a3cbe\" data-id=\"e1a3cbe\" data-element_type=\"column\" data-settings=\"{&quot;background_background&quot;:&quot;classic&quot;}\">\n\t\t\t<div class=\"elementor-widget-wrap elementor-element-populated\">\n\t\t\t\t\t<div class=\"elementor-background-overlay\"><\/div>\n\t\t\t\t\t\t<div class=\"elementor-element elementor-element-5fee450 elementor-widget elementor-widget-text-editor\" data-id=\"5fee450\" data-element_type=\"widget\" data-widget_type=\"text-editor.default\">\n\t\t\t\t<div class=\"elementor-widget-container\">\n\t\t\t\t\t\t\t\t\t<p>PRIVACY POLICY<\/p>\t\t\t\t\t\t\t\t<\/div>\n\t\t\t\t<\/div>\n\t\t\t\t<div class=\"elementor-element elementor-element-53faad8 elementor-widget elementor-widget-text-editor\" data-id=\"53faad8\" data-element_type=\"widget\" data-widget_type=\"text-editor.default\">\n\t\t\t\t<div class=\"elementor-widget-container\">\n\t\t\t\t\t\t\t\t\t<p>SWEET VENICE SMART APARTMENTS<\/p>\t\t\t\t\t\t\t\t<\/div>\n\t\t\t\t<\/div>\n\t\t\t\t\t<\/div>\n\t\t<\/div>\n\t\t\t\t\t<\/div>\n\t\t<\/section>\n\t\t\t\t\t<\/div>\n\t\t<\/div>\n\t\t\t\t\t<\/div>\n\t\t<\/section>\n\t\t\t\t<section class=\"elementor-section elementor-top-section elementor-element elementor-element-e544399 elementor-section-boxed elementor-section-height-default elementor-section-height-default\" data-id=\"e544399\" data-element_type=\"section\" id=\"formbox\" data-settings=\"{&quot;background_background&quot;:&quot;classic&quot;}\">\n\t\t\t\t\t\t\t<div class=\"elementor-background-overlay\"><\/div>\n\t\t\t\t\t\t\t<div class=\"elementor-container elementor-column-gap-default\">\n\t\t\t\t\t<div class=\"elementor-column elementor-col-100 elementor-top-column elementor-element elementor-element-f035824\" data-id=\"f035824\" data-element_type=\"column\">\n\t\t\t<div class=\"elementor-widget-wrap elementor-element-populated\">\n\t\t\t\t\t\t<div class=\"elementor-element elementor-element-eaf611b no_br elementor-widget elementor-widget-text-editor\" data-id=\"eaf611b\" data-element_type=\"widget\" data-widget_type=\"text-editor.default\">\n\t\t\t\t<div class=\"elementor-widget-container\">\n\t\t\t\t\t\t\t\t\t<main id=\"content\" class=\"site-main post-4362 page type-page status-publish hentry\"><\/main><div class=\"page-content\"><ol class=\"wp-block-list\"><li><p>De acuerdo con el compromiso y cuidado que la estructura dedica a la protecci\u00f3n de datos personales, le informamos sobre los m\u00e9todos, finalidades y alcance de la transmisi\u00f3n y difusi\u00f3n de sus datos personales, as\u00ed como sobre sus derechos en virtud del art\u00edculo 13 RGPD.<\/p><p>Categor\u00edas de datos personales tratados por el responsable del tratamiento<\/p><p>Para poder ofrecerle los servicios prestados en nuestro sitio web, la estructura, como responsable del tratamiento, debe tratar algunos datos personales necesarios para prestar los servicios. Esta informaci\u00f3n puede ser proporcionada impl\u00edcitamente por las herramientas que utiliza para acceder y utilizar los Servicios, o puede ser proporcionada expl\u00edcitamente por usted. La estructura podr\u00e1 procesar las siguientes categor\u00edas de datos personales de los usuarios:<\/p><p>Datos t\u00e9cnicos de navegaci\u00f3n relacionados con la direcci\u00f3n IP, c\u00f3digos de identificaci\u00f3n de los dispositivos utilizados por el usuario para acceder al sitio web o a los servicios, caracter\u00edsticas del navegador y tiempos de acceso.<\/p><p>Datos de navegaci\u00f3n para la elaboraci\u00f3n de perfiles, proporcionados indirectamente a trav\u00e9s del uso del propio servicio y recopilados y analizados con el consentimiento del usuario.<\/p><p>Datos generales de identificaci\u00f3n proporcionados por el usuario (p. ej. nombre y apellidos, correo electr\u00f3nico, n\u00famero de tel\u00e9fono, etc.) para el uso de productos y servicios.<\/p><p>Finalidades y base jur\u00eddica del tratamiento<\/p><p>Los datos y las cookies que se obtienen de usted ser\u00e1n procesados por la estructura utilizando exclusivamente los m\u00e9todos y procedimientos necesarios para brindarle los servicios solicitados y para los fines adicionales para los cuales usted ha dado su consentimiento. S\u00f3lo con su expreso consentimiento se podr\u00e1n utilizar los datos para an\u00e1lisis estad\u00edsticos, estudios de mercado, actividades promocionales a trav\u00e9s de las redes sociales y env\u00edo de informaci\u00f3n comercial sobre los productos e iniciativas promocionales de la estructura.<\/p><p>Transferencia de datos al extranjero<\/p><p>Sus datos personales ser\u00e1n procesados por la estructura en el territorio de la Uni\u00f3n Europea. Si, por motivos t\u00e9cnicos y\/u operativos, fuera necesario recurrir a sujetos ubicados fuera de la Uni\u00f3n Europea o transferir parte de los datos recopilados a sistemas t\u00e9cnicos y servicios gestionados en la nube ubicados fuera de la Uni\u00f3n Europea, el procesamiento se llevar\u00e1 a cabo de conformidad con el art\u00edculo 6, apartado 1, letra c del RGPD, de conformidad con las disposiciones del cap\u00edtulo V del Reglamento y sobre la base de decisiones espec\u00edficas de la Uni\u00f3n Europea.<\/p><p>Duraci\u00f3n del procesamiento y almacenamiento de datos personales<\/p><p>De conformidad con el Art. 5.1 y e) del RGPD, la estructura procesa los datos proporcionados por usted durante toda la duraci\u00f3n de los servicios solicitados y los almacena durante 12 meses con el fin de realizar actividades administrativas y durante el tiempo necesario para cumplir con requisitos legales Normativas requeridas son obligaciones. Si ha aceptado la elaboraci\u00f3n de perfiles, los datos recopilados de forma an\u00f3nima se eliminar\u00e1n transcurridos 12 meses desde el inicio del procesamiento.<\/p><p>Derechos del interesado<\/p><p>La estructura garantiza que usted pueda ejercer los derechos previstos en el art\u00edculo 11 del RGPD en cualquier momento. 12 RGPD. En particular, tienes derecho:<\/p><p>Saber si el responsable del tratamiento almacena y\/o procesa datos personales que le conciernen y tener acceso completo a ellos, incluso para obtener una copia (Art\u00edculo 15 Derecho de acceso).<\/p><p>Correcci\u00f3n de datos personales incorrectos o adici\u00f3n de datos personales incompletos (Art\u00edculo 16 Derecho de Rectificaci\u00f3n).<\/p><p>Suprimir los datos personales almacenados por el responsable del tratamiento si se aplica alguno de los motivos previstos en el RGPD (derecho de supresi\u00f3n, 17).<\/p><p>Solicitar al responsable del tratamiento que limite el tratamiento a determinados datos personales si se aplica alguno de los motivos previstos en el Reglamento (Art\u00edculo 18 Derecho a la limitaci\u00f3n del tratamiento).<\/p><p>Solicitar y recibir todos sus datos personales tratados por el responsable del tratamiento en un formato estructurado, de uso com\u00fan y lectura mec\u00e1nica o solicitar su transmisi\u00f3n sin obst\u00e1culos a otro responsable del tratamiento (art\u00edculo 20, derecho a la portabilidad de los datos).<\/p><p>Oponerse total o parcialmente al tratamiento de datos con fines publicitarios y de estudios de mercado (el llamado consentimiento) (Art. 21 Derecho de oposici\u00f3n).<\/p><p>Oponerse total o parcialmente al procesamiento de datos con fines de elaboraci\u00f3n de perfiles (el llamado consentimiento).<\/p><p>Estos derechos podr\u00e1n ejercerse comunic\u00e1ndose con el responsable del tratamiento\/delegado de protecci\u00f3n de datos, cuyos datos de contacto se facilitan en el apartado correspondiente de esta informaci\u00f3n.<\/p><p>Tambi\u00e9n tiene derecho a presentar una reclamaci\u00f3n ante la Autoridad Italiana de Protecci\u00f3n de Datos, a la que puede contactar en garante@gpdp.it o a trav\u00e9s del sitio web http:\/\/www.gpdp.it.<\/p><p>Delegado de protecci\u00f3n de datos<\/p><p>La estructura ha identificado y designado de conformidad con el art. Seg\u00fan el art\u00edculo 37 del RGPD, es responsable de la protecci\u00f3n de datos y ha creado un puesto para procesar solicitudes para proteger la privacidad de sus usuarios y clientes.<\/p><p>Para ejercer los derechos que se le garantizan, puede dirigirse a las siguientes direcciones:<\/p><p>N. Paduano, Castello 4788, 30122 Venecia, info@sweet-venice.com<\/p><p>\u00daltima actualizaci\u00f3n<br \/>Esta Pol\u00edtica de Privacidad fue actualizada el 25.12.2023<\/p><\/li><\/ol><\/div>\t\t\t\t\t\t\t\t<\/div>\n\t\t\t\t<\/div>\n\t\t\t\t\t<\/div>\n\t\t<\/div>\n\t\t\t\t\t<\/div>\n\t\t<\/section>\n\t\t\t\t<\/div>\n\t\t","protected":false},"excerpt":{"rendered":"<p>PRIVACY POLICY SWEET VENICE SMART APARTMENTS De acuerdo con el compromiso y cuidado que la estructura dedica a la protecci\u00f3n de datos personales, le informamos sobre los m\u00e9todos, finalidades y alcance de la transmisi\u00f3n y difusi\u00f3n de sus datos personales, as\u00ed como sobre sus derechos en virtud del art\u00edculo 13 RGPD. Categor\u00edas de datos personales [&hellip;]<\/p>\n","protected":false},"author":1,"featured_media":0,"parent":0,"menu_order":0,"comment_status":"closed","ping_status":"closed","template":"","meta":{"inline_featured_image":false,"footnotes":""},"class_list":["post-5262","page","type-page","status-publish","hentry"],"yoast_head":"<!-- This site is optimized with the Yoast SEO plugin v25.2 - https:\/\/yoast.com\/wordpress\/plugins\/seo\/ -->\n<title>Privacy Policy - Acqua Vita<\/title>\n<meta name=\"robots\" content=\"index, follow, max-snippet:-1, max-image-preview:large, max-video-preview:-1\" \/>\n<link rel=\"canonical\" href=\"https:\/\/sweet-venice.com\/es\/privacy-policy\/\" \/>\n<meta property=\"og:locale\" content=\"es_ES\" \/>\n<meta property=\"og:type\" content=\"article\" \/>\n<meta property=\"og:title\" content=\"Privacy Policy - Acqua Vita\" \/>\n<meta property=\"og:description\" content=\"PRIVACY POLICY SWEET VENICE SMART APARTMENTS De acuerdo con el compromiso y cuidado que la estructura dedica a la protecci\u00f3n de datos personales, le informamos sobre los m\u00e9todos, finalidades y alcance de la transmisi\u00f3n y difusi\u00f3n de sus datos personales, as\u00ed como sobre sus derechos en virtud del art\u00edculo 13 RGPD. Categor\u00edas de datos personales [&hellip;]\" \/>\n<meta property=\"og:url\" content=\"https:\/\/sweet-venice.com\/es\/privacy-policy\/\" \/>\n<meta property=\"og:site_name\" content=\"Acqua Vita\" \/>\n<meta property=\"article:modified_time\" content=\"2025-05-26T09:08:36+00:00\" \/>\n<meta name=\"twitter:card\" content=\"summary_large_image\" \/>\n<meta name=\"twitter:label1\" content=\"Tiempo de lectura\" \/>\n\t<meta name=\"twitter:data1\" content=\"4 minutos\" \/>\n<script type=\"application\/ld+json\" class=\"yoast-schema-graph\">{\"@context\":\"https:\/\/schema.org\",\"@graph\":[{\"@type\":\"WebPage\",\"@id\":\"https:\/\/sweet-venice.com\/es\/privacy-policy\/\",\"url\":\"https:\/\/sweet-venice.com\/es\/privacy-policy\/\",\"name\":\"Privacy Policy - Acqua Vita\",\"isPartOf\":{\"@id\":\"https:\/\/sweet-venice.com\/#website\"},\"primaryImageOfPage\":{\"@id\":\"https:\/\/sweet-venice.com\/es\/privacy-policy\/#primaryimage\"},\"image\":{\"@id\":\"https:\/\/sweet-venice.com\/es\/privacy-policy\/#primaryimage\"},\"thumbnailUrl\":\"https:\/\/sweet-venice.com\/wp-content\/uploads\/2025\/05\/photo-1595196862630-d5825e9ee2da.avif\",\"datePublished\":\"2023-07-13T06:49:23+00:00\",\"dateModified\":\"2025-05-26T09:08:36+00:00\",\"breadcrumb\":{\"@id\":\"https:\/\/sweet-venice.com\/es\/privacy-policy\/#breadcrumb\"},\"inLanguage\":\"es\",\"potentialAction\":[{\"@type\":\"ReadAction\",\"target\":[\"https:\/\/sweet-venice.com\/es\/privacy-policy\/\"]}]},{\"@type\":\"ImageObject\",\"inLanguage\":\"es\",\"@id\":\"https:\/\/sweet-venice.com\/es\/privacy-policy\/#primaryimage\",\"url\":\"https:\/\/sweet-venice.com\/wp-content\/uploads\/2025\/05\/photo-1595196862630-d5825e9ee2da.avif\",\"contentUrl\":\"https:\/\/sweet-venice.com\/wp-content\/uploads\/2025\/05\/photo-1595196862630-d5825e9ee2da.avif\"},{\"@type\":\"BreadcrumbList\",\"@id\":\"https:\/\/sweet-venice.com\/es\/privacy-policy\/#breadcrumb\",\"itemListElement\":[{\"@type\":\"ListItem\",\"position\":1,\"name\":\"Home\",\"item\":\"https:\/\/sweet-venice.com\/es\/\"},{\"@type\":\"ListItem\",\"position\":2,\"name\":\"Privacy Policy\"}]},{\"@type\":\"WebSite\",\"@id\":\"https:\/\/sweet-venice.com\/#website\",\"url\":\"https:\/\/sweet-venice.com\/\",\"name\":\"Acqua Vita\",\"description\":\"Private rooms in Venice\",\"publisher\":{\"@id\":\"https:\/\/sweet-venice.com\/#organization\"},\"potentialAction\":[{\"@type\":\"SearchAction\",\"target\":{\"@type\":\"EntryPoint\",\"urlTemplate\":\"https:\/\/sweet-venice.com\/?s={search_term_string}\"},\"query-input\":{\"@type\":\"PropertyValueSpecification\",\"valueRequired\":true,\"valueName\":\"search_term_string\"}}],\"inLanguage\":\"es\"},{\"@type\":\"Organization\",\"@id\":\"https:\/\/sweet-venice.com\/#organization\",\"name\":\"Acqua Vita\",\"url\":\"https:\/\/sweet-venice.com\/\",\"logo\":{\"@type\":\"ImageObject\",\"inLanguage\":\"es\",\"@id\":\"https:\/\/sweet-venice.com\/#\/schema\/logo\/image\/\",\"url\":\"https:\/\/sweet-venice.com\/wp-content\/uploads\/2023\/10\/Icon.png\",\"contentUrl\":\"https:\/\/sweet-venice.com\/wp-content\/uploads\/2023\/10\/Icon.png\",\"width\":441,\"height\":149,\"caption\":\"Acqua Vita\"},\"image\":{\"@id\":\"https:\/\/sweet-venice.com\/#\/schema\/logo\/image\/\"}}]}<\/script>\n<!-- \/ Yoast SEO plugin. -->","yoast_head_json":{"title":"Privacy Policy - Acqua Vita","robots":{"index":"index","follow":"follow","max-snippet":"max-snippet:-1","max-image-preview":"max-image-preview:large","max-video-preview":"max-video-preview:-1"},"canonical":"https:\/\/sweet-venice.com\/es\/privacy-policy\/","og_locale":"es_ES","og_type":"article","og_title":"Privacy Policy - Acqua Vita","og_description":"PRIVACY POLICY SWEET VENICE SMART APARTMENTS De acuerdo con el compromiso y cuidado que la estructura dedica a la protecci\u00f3n de datos personales, le informamos sobre los m\u00e9todos, finalidades y alcance de la transmisi\u00f3n y difusi\u00f3n de sus datos personales, as\u00ed como sobre sus derechos en virtud del art\u00edculo 13 RGPD. Categor\u00edas de datos personales [&hellip;]","og_url":"https:\/\/sweet-venice.com\/es\/privacy-policy\/","og_site_name":"Acqua Vita","article_modified_time":"2025-05-26T09:08:36+00:00","twitter_card":"summary_large_image","twitter_misc":{"Tiempo de lectura":"4 minutos"},"schema":{"@context":"https:\/\/schema.org","@graph":[{"@type":"WebPage","@id":"https:\/\/sweet-venice.com\/es\/privacy-policy\/","url":"https:\/\/sweet-venice.com\/es\/privacy-policy\/","name":"Privacy Policy - Acqua Vita","isPartOf":{"@id":"https:\/\/sweet-venice.com\/#website"},"primaryImageOfPage":{"@id":"https:\/\/sweet-venice.com\/es\/privacy-policy\/#primaryimage"},"image":{"@id":"https:\/\/sweet-venice.com\/es\/privacy-policy\/#primaryimage"},"thumbnailUrl":"https:\/\/sweet-venice.com\/wp-content\/uploads\/2025\/05\/photo-1595196862630-d5825e9ee2da.avif","datePublished":"2023-07-13T06:49:23+00:00","dateModified":"2025-05-26T09:08:36+00:00","breadcrumb":{"@id":"https:\/\/sweet-venice.com\/es\/privacy-policy\/#breadcrumb"},"inLanguage":"es","potentialAction":[{"@type":"ReadAction","target":["https:\/\/sweet-venice.com\/es\/privacy-policy\/"]}]},{"@type":"ImageObject","inLanguage":"es","@id":"https:\/\/sweet-venice.com\/es\/privacy-policy\/#primaryimage","url":"https:\/\/sweet-venice.com\/wp-content\/uploads\/2025\/05\/photo-1595196862630-d5825e9ee2da.avif","contentUrl":"https:\/\/sweet-venice.com\/wp-content\/uploads\/2025\/05\/photo-1595196862630-d5825e9ee2da.avif"},{"@type":"BreadcrumbList","@id":"https:\/\/sweet-venice.com\/es\/privacy-policy\/#breadcrumb","itemListElement":[{"@type":"ListItem","position":1,"name":"Home","item":"https:\/\/sweet-venice.com\/es\/"},{"@type":"ListItem","position":2,"name":"Privacy Policy"}]},{"@type":"WebSite","@id":"https:\/\/sweet-venice.com\/#website","url":"https:\/\/sweet-venice.com\/","name":"Acqua Vita","description":"Private rooms in Venice","publisher":{"@id":"https:\/\/sweet-venice.com\/#organization"},"potentialAction":[{"@type":"SearchAction","target":{"@type":"EntryPoint","urlTemplate":"https:\/\/sweet-venice.com\/?s={search_term_string}"},"query-input":{"@type":"PropertyValueSpecification","valueRequired":true,"valueName":"search_term_string"}}],"inLanguage":"es"},{"@type":"Organization","@id":"https:\/\/sweet-venice.com\/#organization","name":"Acqua Vita","url":"https:\/\/sweet-venice.com\/","logo":{"@type":"ImageObject","inLanguage":"es","@id":"https:\/\/sweet-venice.com\/#\/schema\/logo\/image\/","url":"https:\/\/sweet-venice.com\/wp-content\/uploads\/2023\/10\/Icon.png","contentUrl":"https:\/\/sweet-venice.com\/wp-content\/uploads\/2023\/10\/Icon.png","width":441,"height":149,"caption":"Acqua Vita"},"image":{"@id":"https:\/\/sweet-venice.com\/#\/schema\/logo\/image\/"}}]}},"_links":{"self":[{"href":"https:\/\/sweet-venice.com\/es\/wp-json\/wp\/v2\/pages\/5262","targetHints":{"allow":["GET"]}}],"collection":[{"href":"https:\/\/sweet-venice.com\/es\/wp-json\/wp\/v2\/pages"}],"about":[{"href":"https:\/\/sweet-venice.com\/es\/wp-json\/wp\/v2\/types\/page"}],"author":[{"embeddable":true,"href":"https:\/\/sweet-venice.com\/es\/wp-json\/wp\/v2\/users\/1"}],"replies":[{"embeddable":true,"href":"https:\/\/sweet-venice.com\/es\/wp-json\/wp\/v2\/comments?post=5262"}],"version-history":[{"count":3,"href":"https:\/\/sweet-venice.com\/es\/wp-json\/wp\/v2\/pages\/5262\/revisions"}],"predecessor-version":[{"id":5638,"href":"https:\/\/sweet-venice.com\/es\/wp-json\/wp\/v2\/pages\/5262\/revisions\/5638"}],"wp:attachment":[{"href":"https:\/\/sweet-venice.com\/es\/wp-json\/wp\/v2\/media?parent=5262"}],"curies":[{"name":"wp","href":"https:\/\/api.w.org\/{rel}","templated":true}]}}