{"id":5266,"date":"2023-05-22T12:13:22","date_gmt":"2023-05-22T10:13:22","guid":{"rendered":"https:\/\/sweet-venice.com\/tariffe-prenotazioni\/"},"modified":"2025-11-30T19:23:52","modified_gmt":"2025-11-30T18:23:52","slug":"reservas","status":"publish","type":"page","link":"https:\/\/sweet-venice.com\/es\/reservas\/","title":{"rendered":"RESERVAS"},"content":{"rendered":"\t\t<div data-elementor-type=\"wp-page\" data-elementor-id=\"5266\" class=\"elementor elementor-5266 elementor-179\" data-elementor-post-type=\"page\">\n\t\t\t\t\t\t<section class=\"elementor-section elementor-top-section elementor-element elementor-element-d61d89d elementor-section-full_width elementor-section-height-default elementor-section-height-default\" data-id=\"d61d89d\" data-element_type=\"section\" data-settings=\"{&quot;background_background&quot;:&quot;classic&quot;}\">\n\t\t\t\t\t\t<div class=\"elementor-container elementor-column-gap-default\">\n\t\t\t\t\t<div class=\"elementor-column elementor-col-100 elementor-top-column elementor-element elementor-element-83c6b63\" data-id=\"83c6b63\" data-element_type=\"column\" data-settings=\"{&quot;background_background&quot;:&quot;classic&quot;}\">\n\t\t\t<div class=\"elementor-widget-wrap elementor-element-populated\">\n\t\t\t\t\t\t<div class=\"elementor-element elementor-element-d539339 elementor-widget elementor-widget-image\" data-id=\"d539339\" data-element_type=\"widget\" data-widget_type=\"image.default\">\n\t\t\t\t<div class=\"elementor-widget-container\">\n\t\t\t\t\t\t\t\t\t\t\t\t\t\t\t<img fetchpriority=\"high\" decoding=\"async\" width=\"2070\" height=\"1380\" src=\"https:\/\/sweet-venice.com\/wp-content\/uploads\/2025\/05\/photo-1595196862630-d5825e9ee2da.avif\" class=\"attachment-full size-full wp-image-4945\" alt=\"\" srcset=\"https:\/\/sweet-venice.com\/wp-content\/uploads\/2025\/05\/photo-1595196862630-d5825e9ee2da.avif 2070w, https:\/\/sweet-venice.com\/wp-content\/uploads\/2025\/05\/photo-1595196862630-d5825e9ee2da-300x200.avif 300w, https:\/\/sweet-venice.com\/wp-content\/uploads\/2025\/05\/photo-1595196862630-d5825e9ee2da-1024x683.avif 1024w, https:\/\/sweet-venice.com\/wp-content\/uploads\/2025\/05\/photo-1595196862630-d5825e9ee2da-768x512.avif 768w, https:\/\/sweet-venice.com\/wp-content\/uploads\/2025\/05\/photo-1595196862630-d5825e9ee2da-1536x1024.avif 1536w, https:\/\/sweet-venice.com\/wp-content\/uploads\/2025\/05\/photo-1595196862630-d5825e9ee2da-2048x1365.avif 2048w\" sizes=\"(max-width: 2070px) 100vw, 2070px\" \/>\t\t\t\t\t\t\t\t\t\t\t\t\t\t\t<\/div>\n\t\t\t\t<\/div>\n\t\t\t\t<section class=\"elementor-section elementor-inner-section elementor-element elementor-element-68027fb elementor-section-boxed elementor-section-height-default elementor-section-height-default\" data-id=\"68027fb\" data-element_type=\"section\" data-settings=\"{&quot;background_background&quot;:&quot;classic&quot;}\">\n\t\t\t\t\t\t\t<div class=\"elementor-background-overlay\"><\/div>\n\t\t\t\t\t\t\t<div class=\"elementor-container elementor-column-gap-default\">\n\t\t\t\t\t<div class=\"elementor-column elementor-col-100 elementor-inner-column elementor-element elementor-element-d9d4aa8\" data-id=\"d9d4aa8\" data-element_type=\"column\" data-settings=\"{&quot;background_background&quot;:&quot;classic&quot;}\">\n\t\t\t<div class=\"elementor-widget-wrap elementor-element-populated\">\n\t\t\t\t\t<div class=\"elementor-background-overlay\"><\/div>\n\t\t\t\t\t\t<div class=\"elementor-element elementor-element-c9acd60 elementor-widget elementor-widget-text-editor\" data-id=\"c9acd60\" data-element_type=\"widget\" data-widget_type=\"text-editor.default\">\n\t\t\t\t<div class=\"elementor-widget-container\">\n\t\t\t\t\t\t\t\t\t<p>Sweet Venice Smart apartments<\/p>\t\t\t\t\t\t\t\t<\/div>\n\t\t\t\t<\/div>\n\t\t\t\t<div class=\"elementor-element elementor-element-09f9b80 elementor-widget elementor-widget-text-editor\" data-id=\"09f9b80\" data-element_type=\"widget\" data-widget_type=\"text-editor.default\">\n\t\t\t\t<div class=\"elementor-widget-container\">\n\t\t\t\t\t\t\t\t\t<p>TARIFAS Y RESERVAS<\/p>\t\t\t\t\t\t\t\t<\/div>\n\t\t\t\t<\/div>\n\t\t\t\t\t<\/div>\n\t\t<\/div>\n\t\t\t\t\t<\/div>\n\t\t<\/section>\n\t\t\t\t\t<\/div>\n\t\t<\/div>\n\t\t\t\t\t<\/div>\n\t\t<\/section>\n\t\t\t\t<section class=\"elementor-section elementor-top-section elementor-element elementor-element-e544399 elementor-section-boxed elementor-section-height-default elementor-section-height-default\" data-id=\"e544399\" data-element_type=\"section\" data-settings=\"{&quot;background_background&quot;:&quot;classic&quot;}\">\n\t\t\t\t\t\t\t<div class=\"elementor-background-overlay\"><\/div>\n\t\t\t\t\t\t\t<div class=\"elementor-container elementor-column-gap-default\">\n\t\t\t\t\t<div class=\"elementor-column elementor-col-100 elementor-top-column elementor-element elementor-element-f035824\" data-id=\"f035824\" data-element_type=\"column\">\n\t\t\t<div class=\"elementor-widget-wrap elementor-element-populated\">\n\t\t\t\t\t\t<div class=\"elementor-element elementor-element-4597ae6 elementor-widget elementor-widget-text-editor\" data-id=\"4597ae6\" data-element_type=\"widget\" data-widget_type=\"text-editor.default\">\n\t\t\t\t<div class=\"elementor-widget-container\">\n\t\t\t\t\t\t\t\t\t<p><span style=\"color: #484a4e;\">En esta secci\u00f3n podr\u00e1s reservar tu alojamiento al mejor precio, ahorrando hasta un 20% respecto a los precios solicitados por sitios de reserva de terceros.<\/span><\/p><p><span style=\"color: #484a4e;\"><b>Atenci\u00f3n<\/b>: Todas las habitaciones tienen ba\u00f1o externo compartido. El apartamento tiene ba\u00f1o privado.<\/span><\/p><p><span style=\"color: #484a4e;\">Check-in: 15h-19h.<\/span><\/p><p><span style=\"color: #484a4e;\">Para el check-in entre las 19 y las 21 horas hay un suplemento de 25\u20ac.<\/span><br \/><span style=\"color: #484a4e;\">No es posible realizar el registro de entrada despu\u00e9s de las 21 horas ni siquiera pagando un suplemento.<\/span><br \/><span style=\"color: #484a4e;\">Todos los check-in tard\u00edos (despu\u00e9s de las 19 horas) deben ser aprobados por nuestro alojamiento antes de realizar la reserva.<\/span><\/p><p><span style=\"color: #484a4e;\"><strong><em>El lugar de check-in y recogida de llaves es<\/em><\/strong>: c\/o \u201cAlloggi SS Giovanni e Paolo\u201d, Castello 6401, 30122 Venezia de 15 a 19 horas<\/span><\/p><p><span style=\"color: #484a4e;\"><strong>Atenci\u00f3n<\/strong>: Despu\u00e9s de reservar, recibir\u00e1s un enlace de pago que te dirigir\u00e1 a una plataforma de pago segura. La reserva s\u00f3lo quedar\u00e1 definitivamente garantizada por nosotros despuNuestra propiedad solo confirmar\u00e1 definitivamente la reserva despu\u00e9s de que usted haya pagado el precio de la reserva, lo que debe hacerse dentro de las 24 horas posteriores a la recepci\u00f3n del enlace. Para reservas el mismo d\u00eda, el pago debe realizarse inmediatamente despu\u00e9s del env\u00edo del enlace.<\/span><\/p><p><span style=\"color: #484a4e;\">Podr\u00e1s seleccionar tu estancia a continuaci\u00f3n introduciendo todos los datos en el motor de reservas.<\/span><\/p><p><span style=\"color: #484a4e;\">Si no encuentra una propuesta adecuada en nuestro sitio, le recomendamos que consulte las propuestas en\u00a0<a style=\"color: #484a4e;\" href=\"http:\/\/www.booking-venice.com\/\">www.booking-venice.com<\/a>.<\/span><\/p>\t\t\t\t\t\t\t\t<\/div>\n\t\t\t\t<\/div>\n\t\t\t\t<section class=\"elementor-section elementor-inner-section elementor-element elementor-element-1ea97f7 elementor-section-full_width elementor-section-height-default elementor-section-height-default\" data-id=\"1ea97f7\" data-element_type=\"section\">\n\t\t\t\t\t\t<div class=\"elementor-container elementor-column-gap-default\">\n\t\t\t\t\t<div class=\"elementor-column elementor-col-100 elementor-inner-column elementor-element elementor-element-762413b\" data-id=\"762413b\" data-element_type=\"column\">\n\t\t\t<div class=\"elementor-widget-wrap elementor-element-populated\">\n\t\t\t\t\t\t<div class=\"elementor-element elementor-element-05ff694 tariffe elementor-widget elementor-widget-html\" data-id=\"05ff694\" data-element_type=\"widget\" data-widget_type=\"html.default\">\n\t\t\t\t<div class=\"elementor-widget-container\">\n\t\t\t\t\t<link href=\"https:\/\/cdn.ciaobooking.com\/widget\/css\/app.css\" rel=\"stylesheet\"\/><ciaobooking-widget\r\n        property-id=\"146340\"\r\n        host=\"https:\/\/sweet-venice.bookpage.io\"\r\n        radius=\"3px\"\r\n        with-children=\"true\"\r\n        primary-color=\"#34095891\"\r\n        new-page=\"true\"\r\n        expanded-occupation=\"false\"\r\n        with-shadow=\"true\"\r\n        alternative-submit=\"true\"\r\n        is-dropdown=\"false\"\r\n        font-family=\"Montserrat\"\r\n        with-destinations=\"false\"\r\n        booking-network-id=\"1311\"\r\n        ><\/ciaobooking-widget><script src=\"https:\/\/cdn.ciaobooking.com\/widget\/js\/app.js\"><\/script>\t\t\t\t<\/div>\n\t\t\t\t<\/div>\n\t\t\t\t\t<\/div>\n\t\t<\/div>\n\t\t\t\t\t<\/div>\n\t\t<\/section>\n\t\t\t\t\t<\/div>\n\t\t<\/div>\n\t\t\t\t\t<\/div>\n\t\t<\/section>\n\t\t\t\t<\/div>\n\t\t","protected":false},"excerpt":{"rendered":"<p>Sweet Venice Smart apartments TARIFAS Y RESERVAS En esta secci\u00f3n podr\u00e1s reservar tu alojamiento al mejor precio, ahorrando hasta un 20% respecto a los precios solicitados por sitios de reserva de terceros. Atenci\u00f3n: Todas las habitaciones tienen ba\u00f1o externo compartido. El apartamento tiene ba\u00f1o privado. Check-in: 15h-19h. Para el check-in entre las 19 y las [&hellip;]<\/p>\n","protected":false},"author":1,"featured_media":0,"parent":0,"menu_order":0,"comment_status":"closed","ping_status":"closed","template":"","meta":{"inline_featured_image":false,"footnotes":""},"class_list":["post-5266","page","type-page","status-publish","hentry"],"yoast_head":"<!-- This site is optimized with the Yoast SEO plugin v25.2 - https:\/\/yoast.com\/wordpress\/plugins\/seo\/ -->\n<title>RESERVAS - Acqua Vita<\/title>\n<meta name=\"robots\" content=\"index, follow, max-snippet:-1, max-image-preview:large, max-video-preview:-1\" \/>\n<link rel=\"canonical\" href=\"https:\/\/sweet-venice.com\/es\/reservas\/\" \/>\n<meta property=\"og:locale\" content=\"es_ES\" \/>\n<meta property=\"og:type\" content=\"article\" \/>\n<meta property=\"og:title\" content=\"RESERVAS - Acqua Vita\" \/>\n<meta property=\"og:description\" content=\"Sweet Venice Smart apartments TARIFAS Y RESERVAS En esta secci\u00f3n podr\u00e1s reservar tu alojamiento al mejor precio, ahorrando hasta un 20% respecto a los precios solicitados por sitios de reserva de terceros. Atenci\u00f3n: Todas las habitaciones tienen ba\u00f1o externo compartido. El apartamento tiene ba\u00f1o privado. Check-in: 15h-19h. Para el check-in entre las 19 y las [&hellip;]\" \/>\n<meta property=\"og:url\" content=\"https:\/\/sweet-venice.com\/es\/reservas\/\" \/>\n<meta property=\"og:site_name\" content=\"Acqua Vita\" \/>\n<meta property=\"article:modified_time\" content=\"2025-11-30T18:23:52+00:00\" \/>\n<meta name=\"twitter:card\" content=\"summary_large_image\" \/>\n<meta name=\"twitter:label1\" content=\"Tiempo de lectura\" \/>\n\t<meta name=\"twitter:data1\" content=\"2 minutos\" \/>\n<script type=\"application\/ld+json\" class=\"yoast-schema-graph\">{\"@context\":\"https:\/\/schema.org\",\"@graph\":[{\"@type\":\"WebPage\",\"@id\":\"https:\/\/sweet-venice.com\/es\/reservas\/\",\"url\":\"https:\/\/sweet-venice.com\/es\/reservas\/\",\"name\":\"RESERVAS - Acqua Vita\",\"isPartOf\":{\"@id\":\"https:\/\/sweet-venice.com\/#website\"},\"primaryImageOfPage\":{\"@id\":\"https:\/\/sweet-venice.com\/es\/reservas\/#primaryimage\"},\"image\":{\"@id\":\"https:\/\/sweet-venice.com\/es\/reservas\/#primaryimage\"},\"thumbnailUrl\":\"https:\/\/sweet-venice.com\/wp-content\/uploads\/2025\/05\/photo-1595196862630-d5825e9ee2da.avif\",\"datePublished\":\"2023-05-22T10:13:22+00:00\",\"dateModified\":\"2025-11-30T18:23:52+00:00\",\"breadcrumb\":{\"@id\":\"https:\/\/sweet-venice.com\/es\/reservas\/#breadcrumb\"},\"inLanguage\":\"es\",\"potentialAction\":[{\"@type\":\"ReadAction\",\"target\":[\"https:\/\/sweet-venice.com\/es\/reservas\/\"]}]},{\"@type\":\"ImageObject\",\"inLanguage\":\"es\",\"@id\":\"https:\/\/sweet-venice.com\/es\/reservas\/#primaryimage\",\"url\":\"https:\/\/sweet-venice.com\/wp-content\/uploads\/2025\/05\/photo-1595196862630-d5825e9ee2da.avif\",\"contentUrl\":\"https:\/\/sweet-venice.com\/wp-content\/uploads\/2025\/05\/photo-1595196862630-d5825e9ee2da.avif\"},{\"@type\":\"BreadcrumbList\",\"@id\":\"https:\/\/sweet-venice.com\/es\/reservas\/#breadcrumb\",\"itemListElement\":[{\"@type\":\"ListItem\",\"position\":1,\"name\":\"Home\",\"item\":\"https:\/\/sweet-venice.com\/es\/\"},{\"@type\":\"ListItem\",\"position\":2,\"name\":\"RESERVAS\"}]},{\"@type\":\"WebSite\",\"@id\":\"https:\/\/sweet-venice.com\/#website\",\"url\":\"https:\/\/sweet-venice.com\/\",\"name\":\"Acqua Vita\",\"description\":\"Private rooms in Venice\",\"publisher\":{\"@id\":\"https:\/\/sweet-venice.com\/#organization\"},\"potentialAction\":[{\"@type\":\"SearchAction\",\"target\":{\"@type\":\"EntryPoint\",\"urlTemplate\":\"https:\/\/sweet-venice.com\/?s={search_term_string}\"},\"query-input\":{\"@type\":\"PropertyValueSpecification\",\"valueRequired\":true,\"valueName\":\"search_term_string\"}}],\"inLanguage\":\"es\"},{\"@type\":\"Organization\",\"@id\":\"https:\/\/sweet-venice.com\/#organization\",\"name\":\"Acqua Vita\",\"url\":\"https:\/\/sweet-venice.com\/\",\"logo\":{\"@type\":\"ImageObject\",\"inLanguage\":\"es\",\"@id\":\"https:\/\/sweet-venice.com\/#\/schema\/logo\/image\/\",\"url\":\"https:\/\/sweet-venice.com\/wp-content\/uploads\/2023\/10\/Icon.png\",\"contentUrl\":\"https:\/\/sweet-venice.com\/wp-content\/uploads\/2023\/10\/Icon.png\",\"width\":441,\"height\":149,\"caption\":\"Acqua Vita\"},\"image\":{\"@id\":\"https:\/\/sweet-venice.com\/#\/schema\/logo\/image\/\"}}]}<\/script>\n<!-- \/ Yoast SEO plugin. -->","yoast_head_json":{"title":"RESERVAS - Acqua Vita","robots":{"index":"index","follow":"follow","max-snippet":"max-snippet:-1","max-image-preview":"max-image-preview:large","max-video-preview":"max-video-preview:-1"},"canonical":"https:\/\/sweet-venice.com\/es\/reservas\/","og_locale":"es_ES","og_type":"article","og_title":"RESERVAS - Acqua Vita","og_description":"Sweet Venice Smart apartments TARIFAS Y RESERVAS En esta secci\u00f3n podr\u00e1s reservar tu alojamiento al mejor precio, ahorrando hasta un 20% respecto a los precios solicitados por sitios de reserva de terceros. Atenci\u00f3n: Todas las habitaciones tienen ba\u00f1o externo compartido. El apartamento tiene ba\u00f1o privado. Check-in: 15h-19h. Para el check-in entre las 19 y las [&hellip;]","og_url":"https:\/\/sweet-venice.com\/es\/reservas\/","og_site_name":"Acqua Vita","article_modified_time":"2025-11-30T18:23:52+00:00","twitter_card":"summary_large_image","twitter_misc":{"Tiempo de lectura":"2 minutos"},"schema":{"@context":"https:\/\/schema.org","@graph":[{"@type":"WebPage","@id":"https:\/\/sweet-venice.com\/es\/reservas\/","url":"https:\/\/sweet-venice.com\/es\/reservas\/","name":"RESERVAS - Acqua Vita","isPartOf":{"@id":"https:\/\/sweet-venice.com\/#website"},"primaryImageOfPage":{"@id":"https:\/\/sweet-venice.com\/es\/reservas\/#primaryimage"},"image":{"@id":"https:\/\/sweet-venice.com\/es\/reservas\/#primaryimage"},"thumbnailUrl":"https:\/\/sweet-venice.com\/wp-content\/uploads\/2025\/05\/photo-1595196862630-d5825e9ee2da.avif","datePublished":"2023-05-22T10:13:22+00:00","dateModified":"2025-11-30T18:23:52+00:00","breadcrumb":{"@id":"https:\/\/sweet-venice.com\/es\/reservas\/#breadcrumb"},"inLanguage":"es","potentialAction":[{"@type":"ReadAction","target":["https:\/\/sweet-venice.com\/es\/reservas\/"]}]},{"@type":"ImageObject","inLanguage":"es","@id":"https:\/\/sweet-venice.com\/es\/reservas\/#primaryimage","url":"https:\/\/sweet-venice.com\/wp-content\/uploads\/2025\/05\/photo-1595196862630-d5825e9ee2da.avif","contentUrl":"https:\/\/sweet-venice.com\/wp-content\/uploads\/2025\/05\/photo-1595196862630-d5825e9ee2da.avif"},{"@type":"BreadcrumbList","@id":"https:\/\/sweet-venice.com\/es\/reservas\/#breadcrumb","itemListElement":[{"@type":"ListItem","position":1,"name":"Home","item":"https:\/\/sweet-venice.com\/es\/"},{"@type":"ListItem","position":2,"name":"RESERVAS"}]},{"@type":"WebSite","@id":"https:\/\/sweet-venice.com\/#website","url":"https:\/\/sweet-venice.com\/","name":"Acqua Vita","description":"Private rooms in Venice","publisher":{"@id":"https:\/\/sweet-venice.com\/#organization"},"potentialAction":[{"@type":"SearchAction","target":{"@type":"EntryPoint","urlTemplate":"https:\/\/sweet-venice.com\/?s={search_term_string}"},"query-input":{"@type":"PropertyValueSpecification","valueRequired":true,"valueName":"search_term_string"}}],"inLanguage":"es"},{"@type":"Organization","@id":"https:\/\/sweet-venice.com\/#organization","name":"Acqua Vita","url":"https:\/\/sweet-venice.com\/","logo":{"@type":"ImageObject","inLanguage":"es","@id":"https:\/\/sweet-venice.com\/#\/schema\/logo\/image\/","url":"https:\/\/sweet-venice.com\/wp-content\/uploads\/2023\/10\/Icon.png","contentUrl":"https:\/\/sweet-venice.com\/wp-content\/uploads\/2023\/10\/Icon.png","width":441,"height":149,"caption":"Acqua Vita"},"image":{"@id":"https:\/\/sweet-venice.com\/#\/schema\/logo\/image\/"}}]}},"_links":{"self":[{"href":"https:\/\/sweet-venice.com\/es\/wp-json\/wp\/v2\/pages\/5266","targetHints":{"allow":["GET"]}}],"collection":[{"href":"https:\/\/sweet-venice.com\/es\/wp-json\/wp\/v2\/pages"}],"about":[{"href":"https:\/\/sweet-venice.com\/es\/wp-json\/wp\/v2\/types\/page"}],"author":[{"embeddable":true,"href":"https:\/\/sweet-venice.com\/es\/wp-json\/wp\/v2\/users\/1"}],"replies":[{"embeddable":true,"href":"https:\/\/sweet-venice.com\/es\/wp-json\/wp\/v2\/comments?post=5266"}],"version-history":[{"count":13,"href":"https:\/\/sweet-venice.com\/es\/wp-json\/wp\/v2\/pages\/5266\/revisions"}],"predecessor-version":[{"id":6151,"href":"https:\/\/sweet-venice.com\/es\/wp-json\/wp\/v2\/pages\/5266\/revisions\/6151"}],"wp:attachment":[{"href":"https:\/\/sweet-venice.com\/es\/wp-json\/wp\/v2\/media?parent=5266"}],"curies":[{"name":"wp","href":"https:\/\/api.w.org\/{rel}","templated":true}]}}