{"id":5228,"date":"2023-07-13T08:55:10","date_gmt":"2023-07-13T06:55:10","guid":{"rendered":"https:\/\/sweet-venice.com\/cookie-policy\/"},"modified":"2025-05-26T11:25:26","modified_gmt":"2025-05-26T09:25:26","slug":"cookie-policy","status":"publish","type":"page","link":"https:\/\/sweet-venice.com\/fr\/cookie-policy\/","title":{"rendered":"Cookie Policy"},"content":{"rendered":"\t\t<div data-elementor-type=\"wp-page\" data-elementor-id=\"5228\" class=\"elementor elementor-5228 elementor-1855\" data-elementor-post-type=\"page\">\n\t\t\t\t\t\t<section class=\"elementor-section elementor-top-section elementor-element elementor-element-b7657f1 elementor-section-full_width elementor-section-height-default elementor-section-height-default\" data-id=\"b7657f1\" data-element_type=\"section\" data-settings=\"{&quot;background_background&quot;:&quot;classic&quot;}\">\n\t\t\t\t\t\t<div class=\"elementor-container elementor-column-gap-default\">\n\t\t\t\t\t<div class=\"elementor-column elementor-col-100 elementor-top-column elementor-element elementor-element-2b88bba\" data-id=\"2b88bba\" data-element_type=\"column\" data-settings=\"{&quot;background_background&quot;:&quot;classic&quot;}\">\n\t\t\t<div class=\"elementor-widget-wrap elementor-element-populated\">\n\t\t\t\t\t\t<div class=\"elementor-element elementor-element-203a793 elementor-widget elementor-widget-image\" data-id=\"203a793\" data-element_type=\"widget\" data-widget_type=\"image.default\">\n\t\t\t\t<div class=\"elementor-widget-container\">\n\t\t\t\t\t\t\t\t\t\t\t\t\t\t\t<img fetchpriority=\"high\" decoding=\"async\" width=\"2070\" height=\"1380\" src=\"https:\/\/sweet-venice.com\/wp-content\/uploads\/2025\/05\/photo-1595196862630-d5825e9ee2da.avif\" class=\"attachment-full size-full wp-image-4943\" alt=\"\" srcset=\"https:\/\/sweet-venice.com\/wp-content\/uploads\/2025\/05\/photo-1595196862630-d5825e9ee2da.avif 2070w, https:\/\/sweet-venice.com\/wp-content\/uploads\/2025\/05\/photo-1595196862630-d5825e9ee2da-300x200.avif 300w, https:\/\/sweet-venice.com\/wp-content\/uploads\/2025\/05\/photo-1595196862630-d5825e9ee2da-1024x683.avif 1024w, https:\/\/sweet-venice.com\/wp-content\/uploads\/2025\/05\/photo-1595196862630-d5825e9ee2da-768x512.avif 768w, https:\/\/sweet-venice.com\/wp-content\/uploads\/2025\/05\/photo-1595196862630-d5825e9ee2da-1536x1024.avif 1536w, https:\/\/sweet-venice.com\/wp-content\/uploads\/2025\/05\/photo-1595196862630-d5825e9ee2da-2048x1365.avif 2048w\" sizes=\"(max-width: 2070px) 100vw, 2070px\" \/>\t\t\t\t\t\t\t\t\t\t\t\t\t\t\t<\/div>\n\t\t\t\t<\/div>\n\t\t\t\t<section class=\"elementor-section elementor-inner-section elementor-element elementor-element-5f9c77b elementor-section-boxed elementor-section-height-default elementor-section-height-default\" data-id=\"5f9c77b\" data-element_type=\"section\" data-settings=\"{&quot;background_background&quot;:&quot;classic&quot;}\">\n\t\t\t\t\t\t\t<div class=\"elementor-background-overlay\"><\/div>\n\t\t\t\t\t\t\t<div class=\"elementor-container elementor-column-gap-default\">\n\t\t\t\t\t<div class=\"elementor-column elementor-col-100 elementor-inner-column elementor-element elementor-element-e1a3cbe\" data-id=\"e1a3cbe\" data-element_type=\"column\" data-settings=\"{&quot;background_background&quot;:&quot;classic&quot;}\">\n\t\t\t<div class=\"elementor-widget-wrap elementor-element-populated\">\n\t\t\t\t\t<div class=\"elementor-background-overlay\"><\/div>\n\t\t\t\t\t\t<div class=\"elementor-element elementor-element-5fee450 elementor-widget elementor-widget-text-editor\" data-id=\"5fee450\" data-element_type=\"widget\" data-widget_type=\"text-editor.default\">\n\t\t\t\t<div class=\"elementor-widget-container\">\n\t\t\t\t\t\t\t\t\t<p>COOKIE POLICY<\/p>\t\t\t\t\t\t\t\t<\/div>\n\t\t\t\t<\/div>\n\t\t\t\t<div class=\"elementor-element elementor-element-2f82532 elementor-widget elementor-widget-text-editor\" data-id=\"2f82532\" data-element_type=\"widget\" data-widget_type=\"text-editor.default\">\n\t\t\t\t<div class=\"elementor-widget-container\">\n\t\t\t\t\t\t\t\t\t<p>SWEET VENICE SMART APARTMENTS<\/p>\t\t\t\t\t\t\t\t<\/div>\n\t\t\t\t<\/div>\n\t\t\t\t\t<\/div>\n\t\t<\/div>\n\t\t\t\t\t<\/div>\n\t\t<\/section>\n\t\t\t\t\t<\/div>\n\t\t<\/div>\n\t\t\t\t\t<\/div>\n\t\t<\/section>\n\t\t\t\t<section class=\"elementor-section elementor-top-section elementor-element elementor-element-e544399 elementor-section-boxed elementor-section-height-default elementor-section-height-default\" data-id=\"e544399\" data-element_type=\"section\" id=\"formbox\" data-settings=\"{&quot;background_background&quot;:&quot;classic&quot;}\">\n\t\t\t\t\t\t\t<div class=\"elementor-background-overlay\"><\/div>\n\t\t\t\t\t\t\t<div class=\"elementor-container elementor-column-gap-default\">\n\t\t\t\t\t<div class=\"elementor-column elementor-col-100 elementor-top-column elementor-element elementor-element-f035824\" data-id=\"f035824\" data-element_type=\"column\">\n\t\t\t<div class=\"elementor-widget-wrap elementor-element-populated\">\n\t\t\t\t\t\t<div class=\"elementor-element elementor-element-9118835 no_br elementor-widget elementor-widget-text-editor\" data-id=\"9118835\" data-element_type=\"widget\" data-widget_type=\"text-editor.default\">\n\t\t\t\t<div class=\"elementor-widget-container\">\n\t\t\t\t\t\t\t\t\t<p>Politique de cookies<\/p><p>Afin de rendre votre visite sur notre site Web aussi confortable que possible et de pr\u00e9senter notre gamme de produits, nous utilisons des cookies et, occasionnellement, certains outils d\u2019analyse de l\u2019utilisation de nos pages Web visant \u00e0 am\u00e9liorer leur convivialit\u00e9.<\/p><p>Ce site Web utilise des cookies et des technologies de profilage. Cliquez pour acc\u00e9der au cookie de profilage. Cliquez sur D\u00c9CLIN ou X pour refuser tous les cookies de profilage. En cliquant sur vos informations personnelles, il est possible de s\u00e9lectionner les cookies de profilage \u00e0 autoriser.<\/p><p>Types de cookies<\/p><p>Ce site ou produit peut utiliser quatre types diff\u00e9rents de cookies :<\/p><p>Cookies techniques essentiels<br \/>N\u00e9cessaire au bon fonctionnement du site.<br \/>Autoriser la navigation dans les pages, le partage de contenu et le stockage des informations de connexion.<br \/>Cookies techniques essentiels pour les statistiques et l\u2019analyse des performances<br \/>Permettez-nous de savoir comment les visiteurs utilisent le site \u00e0 des fins d\u2019\u00e9valuation et d\u2019am\u00e9lioration.<br \/>Cookies fonctionnels et de profilage tiers<br \/>Comprend les cookies d\u00e9livr\u00e9s par les partenaires de l\u2019organisation et connus de celle-ci.<br \/>Comprend \u00e9galement les cookies fournis par des tiers qui ne sont pas directement contr\u00f4l\u00e9s ou contr\u00f4lables par l\u2019organisation.<br \/>Gestion des cookies<\/p><p>Si vous avez des doutes ou des inqui\u00e9tudes concernant l\u2019utilisation des cookies, vous pouvez intervenir pour emp\u00eacher leur installation et leur lecture, par exemple en modifiant les param\u00e8tres de confidentialit\u00e9 de votre navigateur.<\/p><p>Acceptation ou refus des cookies<\/p><p>En poursuivant votre navigation sur ce site, en fermant la barre d\u2019information ou en cliquant sur n\u2019importe quelle partie de la page, vous accomplissez un acte manifeste et explicite d\u2019acceptation de la politique de cookies de l\u2019organisation, et les cookies dont vous n\u2019avez pas d\u00e9clar\u00e9 le refus seront \u00eatre fix\u00e9s et collect\u00e9s.<\/p><p>Dur\u00e9e du traitement<\/p><p>Les cookies g\u00e9r\u00e9s par l\u2019organisation ont une dur\u00e9e maximale de 365 jours sauf renouvellements volontaires de votre part par r\u00e9it\u00e9ration de votre consentement. Les cookies de profilage g\u00e9r\u00e9s par l\u2019organisation sont anonymes et restent au sein des syst\u00e8mes statistiques \u00e0 des fins statistiques exclusives m\u00eame s\u2019ils ne sont plus imputables \u00e0 votre navigateur.<\/p><p>Droits de la personne concern\u00e9e<\/p><p>Vous pouvez exercer votre droit d\u2019opposition \u00e0 l\u2019utilisation compl\u00e8te des cookies en quittant ce site. Si vous comptez refuser l\u2019utilisation d\u2019un ou plusieurs cookies non essentiels, vous pouvez refuser le consentement aux cookies g\u00e9r\u00e9s par l\u2019organisation ou ses partenaires directement \u00e0 partir de ces informations avec les s\u00e9lecteurs \u00ab refus \u00bb \u00e0 c\u00f4t\u00e9 du nom du cookie ou de son fournisseur.<\/p><p>Derni\u00e8re mise \u00e0 jour : 23\/12\/2023<\/p>\t\t\t\t\t\t\t\t<\/div>\n\t\t\t\t<\/div>\n\t\t\t\t\t<\/div>\n\t\t<\/div>\n\t\t\t\t\t<\/div>\n\t\t<\/section>\n\t\t\t\t<\/div>\n\t\t","protected":false},"excerpt":{"rendered":"<p>COOKIE POLICY SWEET VENICE SMART APARTMENTS Politique de cookies Afin de rendre votre visite sur notre site Web aussi confortable que possible et de pr\u00e9senter notre gamme de produits, nous utilisons des cookies et, occasionnellement, certains outils d\u2019analyse de l\u2019utilisation de nos pages Web visant \u00e0 am\u00e9liorer leur convivialit\u00e9. Ce site Web utilise des cookies [&hellip;]<\/p>\n","protected":false},"author":1,"featured_media":0,"parent":0,"menu_order":0,"comment_status":"closed","ping_status":"closed","template":"","meta":{"inline_featured_image":false,"footnotes":""},"class_list":["post-5228","page","type-page","status-publish","hentry"],"yoast_head":"<!-- This site is optimized with the Yoast SEO plugin v25.2 - https:\/\/yoast.com\/wordpress\/plugins\/seo\/ -->\n<title>Cookie Policy - Sweet Venice<\/title>\n<meta name=\"robots\" content=\"index, follow, max-snippet:-1, max-image-preview:large, max-video-preview:-1\" \/>\n<link rel=\"canonical\" href=\"https:\/\/sweet-venice.com\/fr\/cookie-policy\/\" \/>\n<meta property=\"og:locale\" content=\"fr_FR\" \/>\n<meta property=\"og:type\" content=\"article\" \/>\n<meta property=\"og:title\" content=\"Cookie Policy - Sweet Venice\" \/>\n<meta property=\"og:description\" content=\"COOKIE POLICY SWEET VENICE SMART APARTMENTS Politique de cookies Afin de rendre votre visite sur notre site Web aussi confortable que possible et de pr\u00e9senter notre gamme de produits, nous utilisons des cookies et, occasionnellement, certains outils d\u2019analyse de l\u2019utilisation de nos pages Web visant \u00e0 am\u00e9liorer leur convivialit\u00e9. Ce site Web utilise des cookies [&hellip;]\" \/>\n<meta property=\"og:url\" content=\"https:\/\/sweet-venice.com\/fr\/cookie-policy\/\" \/>\n<meta property=\"og:site_name\" content=\"Sweet Venice\" \/>\n<meta property=\"article:modified_time\" content=\"2025-05-26T09:25:26+00:00\" \/>\n<meta name=\"twitter:card\" content=\"summary_large_image\" \/>\n<meta name=\"twitter:label1\" content=\"Dur\u00e9e de lecture estim\u00e9e\" \/>\n\t<meta name=\"twitter:data1\" content=\"3 minutes\" \/>\n<script type=\"application\/ld+json\" class=\"yoast-schema-graph\">{\"@context\":\"https:\/\/schema.org\",\"@graph\":[{\"@type\":\"WebPage\",\"@id\":\"https:\/\/sweet-venice.com\/fr\/cookie-policy\/\",\"url\":\"https:\/\/sweet-venice.com\/fr\/cookie-policy\/\",\"name\":\"Cookie Policy - Sweet Venice\",\"isPartOf\":{\"@id\":\"https:\/\/sweet-venice.com\/#website\"},\"primaryImageOfPage\":{\"@id\":\"https:\/\/sweet-venice.com\/fr\/cookie-policy\/#primaryimage\"},\"image\":{\"@id\":\"https:\/\/sweet-venice.com\/fr\/cookie-policy\/#primaryimage\"},\"thumbnailUrl\":\"https:\/\/sweet-venice.com\/wp-content\/uploads\/2025\/05\/photo-1595196862630-d5825e9ee2da.avif\",\"datePublished\":\"2023-07-13T06:55:10+00:00\",\"dateModified\":\"2025-05-26T09:25:26+00:00\",\"breadcrumb\":{\"@id\":\"https:\/\/sweet-venice.com\/fr\/cookie-policy\/#breadcrumb\"},\"inLanguage\":\"fr-FR\",\"potentialAction\":[{\"@type\":\"ReadAction\",\"target\":[\"https:\/\/sweet-venice.com\/fr\/cookie-policy\/\"]}]},{\"@type\":\"ImageObject\",\"inLanguage\":\"fr-FR\",\"@id\":\"https:\/\/sweet-venice.com\/fr\/cookie-policy\/#primaryimage\",\"url\":\"https:\/\/sweet-venice.com\/wp-content\/uploads\/2025\/05\/photo-1595196862630-d5825e9ee2da.avif\",\"contentUrl\":\"https:\/\/sweet-venice.com\/wp-content\/uploads\/2025\/05\/photo-1595196862630-d5825e9ee2da.avif\"},{\"@type\":\"BreadcrumbList\",\"@id\":\"https:\/\/sweet-venice.com\/fr\/cookie-policy\/#breadcrumb\",\"itemListElement\":[{\"@type\":\"ListItem\",\"position\":1,\"name\":\"Home\",\"item\":\"https:\/\/sweet-venice.com\/fr\/\"},{\"@type\":\"ListItem\",\"position\":2,\"name\":\"Cookie Policy\"}]},{\"@type\":\"WebSite\",\"@id\":\"https:\/\/sweet-venice.com\/#website\",\"url\":\"https:\/\/sweet-venice.com\/\",\"name\":\"Sweet Venice\",\"description\":\"\",\"publisher\":{\"@id\":\"https:\/\/sweet-venice.com\/#organization\"},\"potentialAction\":[{\"@type\":\"SearchAction\",\"target\":{\"@type\":\"EntryPoint\",\"urlTemplate\":\"https:\/\/sweet-venice.com\/?s={search_term_string}\"},\"query-input\":{\"@type\":\"PropertyValueSpecification\",\"valueRequired\":true,\"valueName\":\"search_term_string\"}}],\"inLanguage\":\"fr-FR\"},{\"@type\":\"Organization\",\"@id\":\"https:\/\/sweet-venice.com\/#organization\",\"name\":\"Sweet Venice\",\"url\":\"https:\/\/sweet-venice.com\/\",\"logo\":{\"@type\":\"ImageObject\",\"inLanguage\":\"fr-FR\",\"@id\":\"https:\/\/sweet-venice.com\/#\/schema\/logo\/image\/\",\"url\":\"https:\/\/sweet-venice.com\/wp-content\/uploads\/2023\/10\/Icon.png\",\"contentUrl\":\"https:\/\/sweet-venice.com\/wp-content\/uploads\/2023\/10\/Icon.png\",\"width\":441,\"height\":149,\"caption\":\"Sweet Venice\"},\"image\":{\"@id\":\"https:\/\/sweet-venice.com\/#\/schema\/logo\/image\/\"}}]}<\/script>\n<!-- \/ Yoast SEO plugin. -->","yoast_head_json":{"title":"Cookie Policy - Sweet Venice","robots":{"index":"index","follow":"follow","max-snippet":"max-snippet:-1","max-image-preview":"max-image-preview:large","max-video-preview":"max-video-preview:-1"},"canonical":"https:\/\/sweet-venice.com\/fr\/cookie-policy\/","og_locale":"fr_FR","og_type":"article","og_title":"Cookie Policy - Sweet Venice","og_description":"COOKIE POLICY SWEET VENICE SMART APARTMENTS Politique de cookies Afin de rendre votre visite sur notre site Web aussi confortable que possible et de pr\u00e9senter notre gamme de produits, nous utilisons des cookies et, occasionnellement, certains outils d\u2019analyse de l\u2019utilisation de nos pages Web visant \u00e0 am\u00e9liorer leur convivialit\u00e9. Ce site Web utilise des cookies [&hellip;]","og_url":"https:\/\/sweet-venice.com\/fr\/cookie-policy\/","og_site_name":"Sweet Venice","article_modified_time":"2025-05-26T09:25:26+00:00","twitter_card":"summary_large_image","twitter_misc":{"Dur\u00e9e de lecture estim\u00e9e":"3 minutes"},"schema":{"@context":"https:\/\/schema.org","@graph":[{"@type":"WebPage","@id":"https:\/\/sweet-venice.com\/fr\/cookie-policy\/","url":"https:\/\/sweet-venice.com\/fr\/cookie-policy\/","name":"Cookie Policy - Sweet Venice","isPartOf":{"@id":"https:\/\/sweet-venice.com\/#website"},"primaryImageOfPage":{"@id":"https:\/\/sweet-venice.com\/fr\/cookie-policy\/#primaryimage"},"image":{"@id":"https:\/\/sweet-venice.com\/fr\/cookie-policy\/#primaryimage"},"thumbnailUrl":"https:\/\/sweet-venice.com\/wp-content\/uploads\/2025\/05\/photo-1595196862630-d5825e9ee2da.avif","datePublished":"2023-07-13T06:55:10+00:00","dateModified":"2025-05-26T09:25:26+00:00","breadcrumb":{"@id":"https:\/\/sweet-venice.com\/fr\/cookie-policy\/#breadcrumb"},"inLanguage":"fr-FR","potentialAction":[{"@type":"ReadAction","target":["https:\/\/sweet-venice.com\/fr\/cookie-policy\/"]}]},{"@type":"ImageObject","inLanguage":"fr-FR","@id":"https:\/\/sweet-venice.com\/fr\/cookie-policy\/#primaryimage","url":"https:\/\/sweet-venice.com\/wp-content\/uploads\/2025\/05\/photo-1595196862630-d5825e9ee2da.avif","contentUrl":"https:\/\/sweet-venice.com\/wp-content\/uploads\/2025\/05\/photo-1595196862630-d5825e9ee2da.avif"},{"@type":"BreadcrumbList","@id":"https:\/\/sweet-venice.com\/fr\/cookie-policy\/#breadcrumb","itemListElement":[{"@type":"ListItem","position":1,"name":"Home","item":"https:\/\/sweet-venice.com\/fr\/"},{"@type":"ListItem","position":2,"name":"Cookie Policy"}]},{"@type":"WebSite","@id":"https:\/\/sweet-venice.com\/#website","url":"https:\/\/sweet-venice.com\/","name":"Sweet Venice","description":"","publisher":{"@id":"https:\/\/sweet-venice.com\/#organization"},"potentialAction":[{"@type":"SearchAction","target":{"@type":"EntryPoint","urlTemplate":"https:\/\/sweet-venice.com\/?s={search_term_string}"},"query-input":{"@type":"PropertyValueSpecification","valueRequired":true,"valueName":"search_term_string"}}],"inLanguage":"fr-FR"},{"@type":"Organization","@id":"https:\/\/sweet-venice.com\/#organization","name":"Sweet Venice","url":"https:\/\/sweet-venice.com\/","logo":{"@type":"ImageObject","inLanguage":"fr-FR","@id":"https:\/\/sweet-venice.com\/#\/schema\/logo\/image\/","url":"https:\/\/sweet-venice.com\/wp-content\/uploads\/2023\/10\/Icon.png","contentUrl":"https:\/\/sweet-venice.com\/wp-content\/uploads\/2023\/10\/Icon.png","width":441,"height":149,"caption":"Sweet Venice"},"image":{"@id":"https:\/\/sweet-venice.com\/#\/schema\/logo\/image\/"}}]}},"_links":{"self":[{"href":"https:\/\/sweet-venice.com\/fr\/wp-json\/wp\/v2\/pages\/5228","targetHints":{"allow":["GET"]}}],"collection":[{"href":"https:\/\/sweet-venice.com\/fr\/wp-json\/wp\/v2\/pages"}],"about":[{"href":"https:\/\/sweet-venice.com\/fr\/wp-json\/wp\/v2\/types\/page"}],"author":[{"embeddable":true,"href":"https:\/\/sweet-venice.com\/fr\/wp-json\/wp\/v2\/users\/1"}],"replies":[{"embeddable":true,"href":"https:\/\/sweet-venice.com\/fr\/wp-json\/wp\/v2\/comments?post=5228"}],"version-history":[{"count":3,"href":"https:\/\/sweet-venice.com\/fr\/wp-json\/wp\/v2\/pages\/5228\/revisions"}],"predecessor-version":[{"id":5651,"href":"https:\/\/sweet-venice.com\/fr\/wp-json\/wp\/v2\/pages\/5228\/revisions\/5651"}],"wp:attachment":[{"href":"https:\/\/sweet-venice.com\/fr\/wp-json\/wp\/v2\/media?parent=5228"}],"curies":[{"name":"wp","href":"https:\/\/api.w.org\/{rel}","templated":true}]}}