{"id":5236,"date":"2023-05-22T12:25:39","date_gmt":"2023-05-22T10:25:39","guid":{"rendered":"https:\/\/sweet-venice.com\/dove-siamo\/"},"modified":"2025-12-18T12:44:37","modified_gmt":"2025-12-18T11:44:37","slug":"indications","status":"publish","type":"page","link":"https:\/\/sweet-venice.com\/fr\/indications\/","title":{"rendered":"INDICATIONS"},"content":{"rendered":"\t\t<div data-elementor-type=\"wp-page\" data-elementor-id=\"5236\" class=\"elementor elementor-5236 elementor-191\" data-elementor-post-type=\"page\">\n\t\t\t\t\t\t<section class=\"elementor-section elementor-top-section elementor-element elementor-element-1f4a9d7 elementor-section-full_width elementor-section-height-default elementor-section-height-default\" data-id=\"1f4a9d7\" data-element_type=\"section\" data-settings=\"{&quot;background_background&quot;:&quot;classic&quot;}\">\n\t\t\t\t\t\t<div class=\"elementor-container elementor-column-gap-default\">\n\t\t\t\t\t<div class=\"elementor-column elementor-col-100 elementor-top-column elementor-element elementor-element-027f1b2\" data-id=\"027f1b2\" data-element_type=\"column\" data-settings=\"{&quot;background_background&quot;:&quot;classic&quot;}\">\n\t\t\t<div class=\"elementor-widget-wrap elementor-element-populated\">\n\t\t\t\t\t\t<div class=\"elementor-element elementor-element-28e8f8c elementor-widget elementor-widget-image\" data-id=\"28e8f8c\" data-element_type=\"widget\" data-widget_type=\"image.default\">\n\t\t\t\t<div class=\"elementor-widget-container\">\n\t\t\t\t\t\t\t\t\t\t\t\t\t\t\t<img fetchpriority=\"high\" decoding=\"async\" width=\"2070\" height=\"1380\" src=\"https:\/\/sweet-venice.com\/wp-content\/uploads\/2025\/05\/photo-1595196862630-d5825e9ee2da.avif\" class=\"attachment-full size-full wp-image-4943\" alt=\"\" srcset=\"https:\/\/sweet-venice.com\/wp-content\/uploads\/2025\/05\/photo-1595196862630-d5825e9ee2da.avif 2070w, https:\/\/sweet-venice.com\/wp-content\/uploads\/2025\/05\/photo-1595196862630-d5825e9ee2da-300x200.avif 300w, https:\/\/sweet-venice.com\/wp-content\/uploads\/2025\/05\/photo-1595196862630-d5825e9ee2da-1024x683.avif 1024w, https:\/\/sweet-venice.com\/wp-content\/uploads\/2025\/05\/photo-1595196862630-d5825e9ee2da-768x512.avif 768w, https:\/\/sweet-venice.com\/wp-content\/uploads\/2025\/05\/photo-1595196862630-d5825e9ee2da-1536x1024.avif 1536w, https:\/\/sweet-venice.com\/wp-content\/uploads\/2025\/05\/photo-1595196862630-d5825e9ee2da-2048x1365.avif 2048w\" sizes=\"(max-width: 2070px) 100vw, 2070px\" \/>\t\t\t\t\t\t\t\t\t\t\t\t\t\t\t<\/div>\n\t\t\t\t<\/div>\n\t\t\t\t<section class=\"elementor-section elementor-inner-section elementor-element elementor-element-c01037e elementor-section-boxed elementor-section-height-default elementor-section-height-default\" data-id=\"c01037e\" data-element_type=\"section\" data-settings=\"{&quot;background_background&quot;:&quot;classic&quot;}\">\n\t\t\t\t\t\t\t<div class=\"elementor-background-overlay\"><\/div>\n\t\t\t\t\t\t\t<div class=\"elementor-container elementor-column-gap-default\">\n\t\t\t\t\t<div class=\"elementor-column elementor-col-100 elementor-inner-column elementor-element elementor-element-33726b9\" data-id=\"33726b9\" data-element_type=\"column\" data-settings=\"{&quot;background_background&quot;:&quot;classic&quot;}\">\n\t\t\t<div class=\"elementor-widget-wrap elementor-element-populated\">\n\t\t\t\t\t<div class=\"elementor-background-overlay\"><\/div>\n\t\t\t\t\t\t<div class=\"elementor-element elementor-element-b690918 elementor-widget elementor-widget-text-editor\" data-id=\"b690918\" data-element_type=\"widget\" data-widget_type=\"text-editor.default\">\n\t\t\t\t<div class=\"elementor-widget-container\">\n\t\t\t\t\t\t\t\t\t<p>Sweet Venice Smart apartments<\/p>\t\t\t\t\t\t\t\t<\/div>\n\t\t\t\t<\/div>\n\t\t\t\t<div class=\"elementor-element elementor-element-62153ec elementor-widget elementor-widget-text-editor\" data-id=\"62153ec\" data-element_type=\"widget\" data-widget_type=\"text-editor.default\">\n\t\t\t\t<div class=\"elementor-widget-container\">\n\t\t\t\t\t\t\t\t\t<p>O\u00f9 nous sommes<\/p>\t\t\t\t\t\t\t\t<\/div>\n\t\t\t\t<\/div>\n\t\t\t\t\t<\/div>\n\t\t<\/div>\n\t\t\t\t\t<\/div>\n\t\t<\/section>\n\t\t\t\t\t<\/div>\n\t\t<\/div>\n\t\t\t\t\t<\/div>\n\t\t<\/section>\n\t\t\t\t<section class=\"elementor-section elementor-top-section elementor-element elementor-element-e544399 elementor-section-boxed elementor-section-height-default elementor-section-height-default\" data-id=\"e544399\" data-element_type=\"section\" data-settings=\"{&quot;background_background&quot;:&quot;classic&quot;}\">\n\t\t\t\t\t\t\t<div class=\"elementor-background-overlay\"><\/div>\n\t\t\t\t\t\t\t<div class=\"elementor-container elementor-column-gap-default\">\n\t\t\t\t\t<div class=\"elementor-column elementor-col-100 elementor-top-column elementor-element elementor-element-f035824\" data-id=\"f035824\" data-element_type=\"column\">\n\t\t\t<div class=\"elementor-widget-wrap elementor-element-populated\">\n\t\t\t\t\t\t<div class=\"elementor-element elementor-element-1ddbc9a elementor-widget elementor-widget-heading\" data-id=\"1ddbc9a\" data-element_type=\"widget\" data-widget_type=\"heading.default\">\n\t\t\t\t<div class=\"elementor-widget-container\">\n\t\t\t\t\t<h2 class=\"elementor-heading-title elementor-size-default\">ADRESSE<\/h2>\t\t\t\t<\/div>\n\t\t\t\t<\/div>\n\t\t\t\t<div class=\"elementor-element elementor-element-5cf17b7 no_br elementor-widget elementor-widget-text-editor\" data-id=\"5cf17b7\" data-element_type=\"widget\" data-widget_type=\"text-editor.default\">\n\t\t\t\t<div class=\"elementor-widget-container\">\n\t\t\t\t\t\t\t\t\t<h5><span style=\"color: #484a4e;\">Calle (Callesela Querini) 4788<\/span><\/h5><p><span style=\"color: #484a4e;\">30122 Venise<\/span><br \/><span style=\"color: #484a4e;\">Coordonn\u00e9es g\u00e9ographiques\u00a0:\u00a045.436350, 12.341764<\/span><\/p><p><span style=\"color: #484a4e;\">Pour trouver notre h\u00e9bergement touristique sur Google maps cliquez sur le lien suivant:\u00a0<a style=\"color: #484a4e;\" href=\"https:\/\/maps.app.goo.gl\/P6jwP9jEuzuHpVRbA\">https:\/\/maps.app.goo.gl\/P6jwP9jEuzuHpVRbA<\/a><\/span><\/p><p><span style=\"color: #484a4e;\">Le lieu d\u2019enregistrement et de r\u00e9cup\u00e9ration des cl\u00e9s est: c\/o \u201cAlloggi SS Giovanni e Paolo\u201d, Castello 6401, 30122 Venezia, de 15h \u00e0 19h.<\/span><\/p><p><span style=\"color: #484a4e;\">Pour trouver le lieu d\u2019enregistrement et de r\u00e9cup\u00e9ration des cl\u00e9s est sur Google maps cliquez sur le lien suivant:\u00a0<a style=\"color: #484a4e;\" href=\"https:\/\/maps.app.goo.gl\/3pK1NukeketDPYD29\">https:\/\/maps.app.goo.gl\/3pK1NukeketDPYD29<\/a><\/span><\/p>\t\t\t\t\t\t\t\t<\/div>\n\t\t\t\t<\/div>\n\t\t\t\t<div class=\"elementor-element elementor-element-03a39fc elementor-widget elementor-widget-google_maps\" data-id=\"03a39fc\" data-element_type=\"widget\" data-widget_type=\"google_maps.default\">\n\t\t\t\t<div class=\"elementor-widget-container\">\n\t\t\t\t\t\t\t<div class=\"elementor-custom-embed\">\n\t\t\t<iframe loading=\"lazy\"\n\t\t\t\t\tsrc=\"https:\/\/maps.google.com\/maps?q=Sweet%20Venice%20Smart%20Apartments%20Castello%20%28Callesela%20Querini%29%204788%2030122%20Venezia&#038;t=m&#038;z=17&#038;output=embed&#038;iwloc=near\"\n\t\t\t\t\ttitle=\"Sweet Venice Smart Apartments Castello (Callesela Querini) 4788 30122 Venezia\"\n\t\t\t\t\taria-label=\"Sweet Venice Smart Apartments Castello (Callesela Querini) 4788 30122 Venezia\"\n\t\t\t><\/iframe>\n\t\t<\/div>\n\t\t\t\t\t\t<\/div>\n\t\t\t\t<\/div>\n\t\t\t\t\t<\/div>\n\t\t<\/div>\n\t\t\t\t\t<\/div>\n\t\t<\/section>\n\t\t\t\t<section class=\"elementor-section elementor-top-section elementor-element elementor-element-77c3c7d elementor-reverse-mobile elementor-section-boxed elementor-section-height-default elementor-section-height-default\" data-id=\"77c3c7d\" data-element_type=\"section\" data-settings=\"{&quot;background_background&quot;:&quot;classic&quot;}\">\n\t\t\t\t\t\t\t<div class=\"elementor-background-overlay\"><\/div>\n\t\t\t\t\t\t\t<div class=\"elementor-container elementor-column-gap-default\">\n\t\t\t\t\t<div class=\"elementor-column elementor-col-50 elementor-top-column elementor-element elementor-element-b5c83f2\" data-id=\"b5c83f2\" data-element_type=\"column\">\n\t\t\t<div class=\"elementor-widget-wrap elementor-element-populated\">\n\t\t\t\t\t\t<div class=\"elementor-element elementor-element-4b10158 elementor-widget elementor-widget-heading\" data-id=\"4b10158\" data-element_type=\"widget\" data-widget_type=\"heading.default\">\n\t\t\t\t<div class=\"elementor-widget-container\">\n\t\t\t\t\t<h2 class=\"elementor-heading-title elementor-size-default\">INFORMATIONS UTILES<\/h2>\t\t\t\t<\/div>\n\t\t\t\t<\/div>\n\t\t\t\t<div class=\"elementor-element elementor-element-e3e10f1 info_utili elementor-widget elementor-widget-text-editor\" data-id=\"e3e10f1\" data-element_type=\"widget\" data-widget_type=\"text-editor.default\">\n\t\t\t\t<div class=\"elementor-widget-container\">\n\t\t\t\t\t\t\t\t\t<p>Notre h\u00e9bergement \u00ab Sweet Venice \u00bb est situ\u00e9 \u00e0 proximit\u00e9 de \u00ab Campo Santa Maria Formosa \u00bb, l\u2019une des places les plus belles et centrales du centre de Venise.<\/p><p>Vous pouvez rejoindre notre propri\u00e9t\u00e9 depuis la gare principale \u00ab Santa Lucia \u00bb ou l\u2019arr\u00eat de bus\/parking central \u00ab Piazzale Roma \u00bb en 25 minutes \u00e0 pied. En alternative, vous pouvez nous rejoindre en moins de 10 minutes \u00e0 pied depuis l\u2019arr\u00eat du bateau-bus \u00ab Rialto \u00bb.<\/p><p>Pour rejoindre les principales attractions de Venise, la \u00ab Piazza San Marco \u00bb et le pont du \u00ab Rialto \u00bb depuis notre propri\u00e9t\u00e9, cela vous prendra moins de 10 minutes.<\/p><p>Vous pouvez garer votre v\u00e9hicule au \u00ab Garage San Marco \u00bb (041 523 2213) ou \u00e0 l&rsquo;\u00ab Autorimessa Comunale \u00bb (t\u00e9l. 041 272 7301) sur la Piazzale Roma (centre historique de Venise). Alternativement, vous pouvez vous garer au \u00ab Parking Tronchetto \u00bb (t\u00e9l. 041 5207555) ou sur le continent au \u00ab Venice City Park \u00bb (t\u00e9l. 041 531 66 84) \u00e0 Marghera\/Mestre.<\/p>\t\t\t\t\t\t\t\t<\/div>\n\t\t\t\t<\/div>\n\t\t\t\t\t<\/div>\n\t\t<\/div>\n\t\t\t\t<div class=\"elementor-column elementor-col-50 elementor-top-column elementor-element elementor-element-22565eb\" data-id=\"22565eb\" data-element_type=\"column\">\n\t\t\t<div class=\"elementor-widget-wrap elementor-element-populated\">\n\t\t\t\t\t\t<div class=\"elementor-element elementor-element-a530d6c elementor-widget elementor-widget-image\" data-id=\"a530d6c\" data-element_type=\"widget\" data-widget_type=\"image.default\">\n\t\t\t\t<div class=\"elementor-widget-container\">\n\t\t\t\t\t\t\t\t\t\t\t\t\t\t\t<img decoding=\"async\" width=\"1024\" height=\"768\" src=\"https:\/\/sweet-venice.com\/wp-content\/uploads\/2025\/05\/IMG_20240116_125245-1024x768-1.jpg\" class=\"attachment-full size-full wp-image-4897\" alt=\"\" srcset=\"https:\/\/sweet-venice.com\/wp-content\/uploads\/2025\/05\/IMG_20240116_125245-1024x768-1.jpg 1024w, https:\/\/sweet-venice.com\/wp-content\/uploads\/2025\/05\/IMG_20240116_125245-1024x768-1-300x225.jpg 300w, https:\/\/sweet-venice.com\/wp-content\/uploads\/2025\/05\/IMG_20240116_125245-1024x768-1-768x576.jpg 768w\" sizes=\"(max-width: 1024px) 100vw, 1024px\" \/>\t\t\t\t\t\t\t\t\t\t\t\t\t\t\t<\/div>\n\t\t\t\t<\/div>\n\t\t\t\t\t<\/div>\n\t\t<\/div>\n\t\t\t\t\t<\/div>\n\t\t<\/section>\n\t\t\t\t<\/div>\n\t\t","protected":false},"excerpt":{"rendered":"<p>Sweet Venice Smart apartments O\u00f9 nous sommes ADRESSE Calle (Callesela Querini) 4788 30122 VeniseCoordonn\u00e9es g\u00e9ographiques\u00a0:\u00a045.436350, 12.341764 Pour trouver notre h\u00e9bergement touristique sur Google maps cliquez sur le lien suivant:\u00a0https:\/\/maps.app.goo.gl\/P6jwP9jEuzuHpVRbA Le lieu d\u2019enregistrement et de r\u00e9cup\u00e9ration des cl\u00e9s est: c\/o \u201cAlloggi SS Giovanni e Paolo\u201d, Castello 6401, 30122 Venezia, de 15h \u00e0 19h. Pour trouver le [&hellip;]<\/p>\n","protected":false},"author":1,"featured_media":0,"parent":0,"menu_order":0,"comment_status":"closed","ping_status":"closed","template":"","meta":{"inline_featured_image":false,"footnotes":""},"class_list":["post-5236","page","type-page","status-publish","hentry"],"yoast_head":"<!-- This site is optimized with the Yoast SEO plugin v25.2 - https:\/\/yoast.com\/wordpress\/plugins\/seo\/ -->\n<title>INDICATIONS - Sweet Venice<\/title>\n<meta name=\"robots\" content=\"index, follow, max-snippet:-1, max-image-preview:large, max-video-preview:-1\" \/>\n<link rel=\"canonical\" href=\"https:\/\/sweet-venice.com\/dove-siamo\/\" \/>\n<meta property=\"og:locale\" content=\"fr_FR\" \/>\n<meta property=\"og:type\" content=\"article\" \/>\n<meta property=\"og:title\" content=\"INDICATIONS - Sweet Venice\" \/>\n<meta property=\"og:description\" content=\"Sweet Venice Smart apartments O\u00f9 nous sommes ADRESSE Calle (Callesela Querini) 4788 30122 VeniseCoordonn\u00e9es g\u00e9ographiques\u00a0:\u00a045.436350, 12.341764 Pour trouver notre h\u00e9bergement touristique sur Google maps cliquez sur le lien suivant:\u00a0https:\/\/maps.app.goo.gl\/P6jwP9jEuzuHpVRbA Le lieu d\u2019enregistrement et de r\u00e9cup\u00e9ration des cl\u00e9s est: c\/o \u201cAlloggi SS Giovanni e Paolo\u201d, Castello 6401, 30122 Venezia, de 15h \u00e0 19h. Pour trouver le [&hellip;]\" \/>\n<meta property=\"og:url\" content=\"https:\/\/sweet-venice.com\/dove-siamo\/\" \/>\n<meta property=\"og:site_name\" content=\"Sweet Venice\" \/>\n<meta property=\"article:modified_time\" content=\"2025-12-18T11:44:37+00:00\" \/>\n<meta name=\"twitter:card\" content=\"summary_large_image\" \/>\n<meta name=\"twitter:label1\" content=\"Dur\u00e9e de lecture estim\u00e9e\" \/>\n\t<meta name=\"twitter:data1\" content=\"2 minutes\" \/>\n<script type=\"application\/ld+json\" class=\"yoast-schema-graph\">{\"@context\":\"https:\/\/schema.org\",\"@graph\":[{\"@type\":\"WebPage\",\"@id\":\"https:\/\/sweet-venice.com\/dove-siamo\/\",\"url\":\"https:\/\/sweet-venice.com\/dove-siamo\/\",\"name\":\"INDICATIONS - Sweet Venice\",\"isPartOf\":{\"@id\":\"https:\/\/sweet-venice.com\/#website\"},\"primaryImageOfPage\":{\"@id\":\"https:\/\/sweet-venice.com\/dove-siamo\/#primaryimage\"},\"image\":{\"@id\":\"https:\/\/sweet-venice.com\/dove-siamo\/#primaryimage\"},\"thumbnailUrl\":\"https:\/\/sweet-venice.com\/wp-content\/uploads\/2025\/05\/photo-1595196862630-d5825e9ee2da.avif\",\"datePublished\":\"2023-05-22T10:25:39+00:00\",\"dateModified\":\"2025-12-18T11:44:37+00:00\",\"breadcrumb\":{\"@id\":\"https:\/\/sweet-venice.com\/dove-siamo\/#breadcrumb\"},\"inLanguage\":\"fr-FR\",\"potentialAction\":[{\"@type\":\"ReadAction\",\"target\":[\"https:\/\/sweet-venice.com\/dove-siamo\/\"]}]},{\"@type\":\"ImageObject\",\"inLanguage\":\"fr-FR\",\"@id\":\"https:\/\/sweet-venice.com\/dove-siamo\/#primaryimage\",\"url\":\"https:\/\/sweet-venice.com\/wp-content\/uploads\/2025\/05\/photo-1595196862630-d5825e9ee2da.avif\",\"contentUrl\":\"https:\/\/sweet-venice.com\/wp-content\/uploads\/2025\/05\/photo-1595196862630-d5825e9ee2da.avif\"},{\"@type\":\"BreadcrumbList\",\"@id\":\"https:\/\/sweet-venice.com\/dove-siamo\/#breadcrumb\",\"itemListElement\":[{\"@type\":\"ListItem\",\"position\":1,\"name\":\"Home\",\"item\":\"https:\/\/sweet-venice.com\/fr\/\"},{\"@type\":\"ListItem\",\"position\":2,\"name\":\"INDICATIONS\"}]},{\"@type\":\"WebSite\",\"@id\":\"https:\/\/sweet-venice.com\/#website\",\"url\":\"https:\/\/sweet-venice.com\/\",\"name\":\"Sweet Venice\",\"description\":\"\",\"publisher\":{\"@id\":\"https:\/\/sweet-venice.com\/#organization\"},\"potentialAction\":[{\"@type\":\"SearchAction\",\"target\":{\"@type\":\"EntryPoint\",\"urlTemplate\":\"https:\/\/sweet-venice.com\/?s={search_term_string}\"},\"query-input\":{\"@type\":\"PropertyValueSpecification\",\"valueRequired\":true,\"valueName\":\"search_term_string\"}}],\"inLanguage\":\"fr-FR\"},{\"@type\":\"Organization\",\"@id\":\"https:\/\/sweet-venice.com\/#organization\",\"name\":\"Sweet Venice\",\"url\":\"https:\/\/sweet-venice.com\/\",\"logo\":{\"@type\":\"ImageObject\",\"inLanguage\":\"fr-FR\",\"@id\":\"https:\/\/sweet-venice.com\/#\/schema\/logo\/image\/\",\"url\":\"https:\/\/sweet-venice.com\/wp-content\/uploads\/2023\/10\/Icon.png\",\"contentUrl\":\"https:\/\/sweet-venice.com\/wp-content\/uploads\/2023\/10\/Icon.png\",\"width\":441,\"height\":149,\"caption\":\"Sweet Venice\"},\"image\":{\"@id\":\"https:\/\/sweet-venice.com\/#\/schema\/logo\/image\/\"}}]}<\/script>\n<!-- \/ Yoast SEO plugin. -->","yoast_head_json":{"title":"INDICATIONS - Sweet Venice","robots":{"index":"index","follow":"follow","max-snippet":"max-snippet:-1","max-image-preview":"max-image-preview:large","max-video-preview":"max-video-preview:-1"},"canonical":"https:\/\/sweet-venice.com\/dove-siamo\/","og_locale":"fr_FR","og_type":"article","og_title":"INDICATIONS - Sweet Venice","og_description":"Sweet Venice Smart apartments O\u00f9 nous sommes ADRESSE Calle (Callesela Querini) 4788 30122 VeniseCoordonn\u00e9es g\u00e9ographiques\u00a0:\u00a045.436350, 12.341764 Pour trouver notre h\u00e9bergement touristique sur Google maps cliquez sur le lien suivant:\u00a0https:\/\/maps.app.goo.gl\/P6jwP9jEuzuHpVRbA Le lieu d\u2019enregistrement et de r\u00e9cup\u00e9ration des cl\u00e9s est: c\/o \u201cAlloggi SS Giovanni e Paolo\u201d, Castello 6401, 30122 Venezia, de 15h \u00e0 19h. Pour trouver le [&hellip;]","og_url":"https:\/\/sweet-venice.com\/dove-siamo\/","og_site_name":"Sweet Venice","article_modified_time":"2025-12-18T11:44:37+00:00","twitter_card":"summary_large_image","twitter_misc":{"Dur\u00e9e de lecture estim\u00e9e":"2 minutes"},"schema":{"@context":"https:\/\/schema.org","@graph":[{"@type":"WebPage","@id":"https:\/\/sweet-venice.com\/dove-siamo\/","url":"https:\/\/sweet-venice.com\/dove-siamo\/","name":"INDICATIONS - Sweet Venice","isPartOf":{"@id":"https:\/\/sweet-venice.com\/#website"},"primaryImageOfPage":{"@id":"https:\/\/sweet-venice.com\/dove-siamo\/#primaryimage"},"image":{"@id":"https:\/\/sweet-venice.com\/dove-siamo\/#primaryimage"},"thumbnailUrl":"https:\/\/sweet-venice.com\/wp-content\/uploads\/2025\/05\/photo-1595196862630-d5825e9ee2da.avif","datePublished":"2023-05-22T10:25:39+00:00","dateModified":"2025-12-18T11:44:37+00:00","breadcrumb":{"@id":"https:\/\/sweet-venice.com\/dove-siamo\/#breadcrumb"},"inLanguage":"fr-FR","potentialAction":[{"@type":"ReadAction","target":["https:\/\/sweet-venice.com\/dove-siamo\/"]}]},{"@type":"ImageObject","inLanguage":"fr-FR","@id":"https:\/\/sweet-venice.com\/dove-siamo\/#primaryimage","url":"https:\/\/sweet-venice.com\/wp-content\/uploads\/2025\/05\/photo-1595196862630-d5825e9ee2da.avif","contentUrl":"https:\/\/sweet-venice.com\/wp-content\/uploads\/2025\/05\/photo-1595196862630-d5825e9ee2da.avif"},{"@type":"BreadcrumbList","@id":"https:\/\/sweet-venice.com\/dove-siamo\/#breadcrumb","itemListElement":[{"@type":"ListItem","position":1,"name":"Home","item":"https:\/\/sweet-venice.com\/fr\/"},{"@type":"ListItem","position":2,"name":"INDICATIONS"}]},{"@type":"WebSite","@id":"https:\/\/sweet-venice.com\/#website","url":"https:\/\/sweet-venice.com\/","name":"Sweet Venice","description":"","publisher":{"@id":"https:\/\/sweet-venice.com\/#organization"},"potentialAction":[{"@type":"SearchAction","target":{"@type":"EntryPoint","urlTemplate":"https:\/\/sweet-venice.com\/?s={search_term_string}"},"query-input":{"@type":"PropertyValueSpecification","valueRequired":true,"valueName":"search_term_string"}}],"inLanguage":"fr-FR"},{"@type":"Organization","@id":"https:\/\/sweet-venice.com\/#organization","name":"Sweet Venice","url":"https:\/\/sweet-venice.com\/","logo":{"@type":"ImageObject","inLanguage":"fr-FR","@id":"https:\/\/sweet-venice.com\/#\/schema\/logo\/image\/","url":"https:\/\/sweet-venice.com\/wp-content\/uploads\/2023\/10\/Icon.png","contentUrl":"https:\/\/sweet-venice.com\/wp-content\/uploads\/2023\/10\/Icon.png","width":441,"height":149,"caption":"Sweet Venice"},"image":{"@id":"https:\/\/sweet-venice.com\/#\/schema\/logo\/image\/"}}]}},"_links":{"self":[{"href":"https:\/\/sweet-venice.com\/fr\/wp-json\/wp\/v2\/pages\/5236","targetHints":{"allow":["GET"]}}],"collection":[{"href":"https:\/\/sweet-venice.com\/fr\/wp-json\/wp\/v2\/pages"}],"about":[{"href":"https:\/\/sweet-venice.com\/fr\/wp-json\/wp\/v2\/types\/page"}],"author":[{"embeddable":true,"href":"https:\/\/sweet-venice.com\/fr\/wp-json\/wp\/v2\/users\/1"}],"replies":[{"embeddable":true,"href":"https:\/\/sweet-venice.com\/fr\/wp-json\/wp\/v2\/comments?post=5236"}],"version-history":[{"count":10,"href":"https:\/\/sweet-venice.com\/fr\/wp-json\/wp\/v2\/pages\/5236\/revisions"}],"predecessor-version":[{"id":6198,"href":"https:\/\/sweet-venice.com\/fr\/wp-json\/wp\/v2\/pages\/5236\/revisions\/6198"}],"wp:attachment":[{"href":"https:\/\/sweet-venice.com\/fr\/wp-json\/wp\/v2\/media?parent=5236"}],"curies":[{"name":"wp","href":"https:\/\/api.w.org\/{rel}","templated":true}]}}