{"id":5260,"date":"2023-07-13T08:49:23","date_gmt":"2023-07-13T06:49:23","guid":{"rendered":"https:\/\/sweet-venice.com\/privacy-policy\/"},"modified":"2025-05-26T11:25:04","modified_gmt":"2025-05-26T09:25:04","slug":"privacy-policy","status":"publish","type":"page","link":"https:\/\/sweet-venice.com\/fr\/privacy-policy\/","title":{"rendered":"Privacy Policy"},"content":{"rendered":"\t\t<div data-elementor-type=\"wp-page\" data-elementor-id=\"5260\" class=\"elementor elementor-5260 elementor-1840\" data-elementor-post-type=\"page\">\n\t\t\t\t\t\t<section class=\"elementor-section elementor-top-section elementor-element elementor-element-b7657f1 elementor-section-full_width elementor-section-height-default elementor-section-height-default\" data-id=\"b7657f1\" data-element_type=\"section\" data-settings=\"{&quot;background_background&quot;:&quot;classic&quot;}\">\n\t\t\t\t\t\t<div class=\"elementor-container elementor-column-gap-default\">\n\t\t\t\t\t<div class=\"elementor-column elementor-col-100 elementor-top-column elementor-element elementor-element-2b88bba\" data-id=\"2b88bba\" data-element_type=\"column\" data-settings=\"{&quot;background_background&quot;:&quot;classic&quot;}\">\n\t\t\t<div class=\"elementor-widget-wrap elementor-element-populated\">\n\t\t\t\t\t\t<div class=\"elementor-element elementor-element-203a793 elementor-widget elementor-widget-image\" data-id=\"203a793\" data-element_type=\"widget\" data-widget_type=\"image.default\">\n\t\t\t\t<div class=\"elementor-widget-container\">\n\t\t\t\t\t\t\t\t\t\t\t\t\t\t\t<img fetchpriority=\"high\" decoding=\"async\" width=\"2070\" height=\"1380\" src=\"https:\/\/sweet-venice.com\/wp-content\/uploads\/2025\/05\/photo-1595196862630-d5825e9ee2da.avif\" class=\"attachment-full size-full wp-image-4943\" alt=\"\" srcset=\"https:\/\/sweet-venice.com\/wp-content\/uploads\/2025\/05\/photo-1595196862630-d5825e9ee2da.avif 2070w, https:\/\/sweet-venice.com\/wp-content\/uploads\/2025\/05\/photo-1595196862630-d5825e9ee2da-300x200.avif 300w, https:\/\/sweet-venice.com\/wp-content\/uploads\/2025\/05\/photo-1595196862630-d5825e9ee2da-1024x683.avif 1024w, https:\/\/sweet-venice.com\/wp-content\/uploads\/2025\/05\/photo-1595196862630-d5825e9ee2da-768x512.avif 768w, https:\/\/sweet-venice.com\/wp-content\/uploads\/2025\/05\/photo-1595196862630-d5825e9ee2da-1536x1024.avif 1536w, https:\/\/sweet-venice.com\/wp-content\/uploads\/2025\/05\/photo-1595196862630-d5825e9ee2da-2048x1365.avif 2048w\" sizes=\"(max-width: 2070px) 100vw, 2070px\" \/>\t\t\t\t\t\t\t\t\t\t\t\t\t\t\t<\/div>\n\t\t\t\t<\/div>\n\t\t\t\t<section class=\"elementor-section elementor-inner-section elementor-element elementor-element-5f9c77b elementor-section-boxed elementor-section-height-default elementor-section-height-default\" data-id=\"5f9c77b\" data-element_type=\"section\" data-settings=\"{&quot;background_background&quot;:&quot;classic&quot;}\">\n\t\t\t\t\t\t\t<div class=\"elementor-background-overlay\"><\/div>\n\t\t\t\t\t\t\t<div class=\"elementor-container elementor-column-gap-default\">\n\t\t\t\t\t<div class=\"elementor-column elementor-col-100 elementor-inner-column elementor-element elementor-element-e1a3cbe\" data-id=\"e1a3cbe\" data-element_type=\"column\" data-settings=\"{&quot;background_background&quot;:&quot;classic&quot;}\">\n\t\t\t<div class=\"elementor-widget-wrap elementor-element-populated\">\n\t\t\t\t\t<div class=\"elementor-background-overlay\"><\/div>\n\t\t\t\t\t\t<div class=\"elementor-element elementor-element-5fee450 elementor-widget elementor-widget-text-editor\" data-id=\"5fee450\" data-element_type=\"widget\" data-widget_type=\"text-editor.default\">\n\t\t\t\t<div class=\"elementor-widget-container\">\n\t\t\t\t\t\t\t\t\t<p>PRIVACY POLICY<\/p>\t\t\t\t\t\t\t\t<\/div>\n\t\t\t\t<\/div>\n\t\t\t\t<div class=\"elementor-element elementor-element-53faad8 elementor-widget elementor-widget-text-editor\" data-id=\"53faad8\" data-element_type=\"widget\" data-widget_type=\"text-editor.default\">\n\t\t\t\t<div class=\"elementor-widget-container\">\n\t\t\t\t\t\t\t\t\t<p>SWEET VENICE SMART APARTMENTS<\/p>\t\t\t\t\t\t\t\t<\/div>\n\t\t\t\t<\/div>\n\t\t\t\t\t<\/div>\n\t\t<\/div>\n\t\t\t\t\t<\/div>\n\t\t<\/section>\n\t\t\t\t\t<\/div>\n\t\t<\/div>\n\t\t\t\t\t<\/div>\n\t\t<\/section>\n\t\t\t\t<section class=\"elementor-section elementor-top-section elementor-element elementor-element-e544399 elementor-section-boxed elementor-section-height-default elementor-section-height-default\" data-id=\"e544399\" data-element_type=\"section\" id=\"formbox\" data-settings=\"{&quot;background_background&quot;:&quot;classic&quot;}\">\n\t\t\t\t\t\t\t<div class=\"elementor-background-overlay\"><\/div>\n\t\t\t\t\t\t\t<div class=\"elementor-container elementor-column-gap-default\">\n\t\t\t\t\t<div class=\"elementor-column elementor-col-100 elementor-top-column elementor-element elementor-element-f035824\" data-id=\"f035824\" data-element_type=\"column\">\n\t\t\t<div class=\"elementor-widget-wrap elementor-element-populated\">\n\t\t\t\t\t\t<div class=\"elementor-element elementor-element-eaf611b no_br elementor-widget elementor-widget-text-editor\" data-id=\"eaf611b\" data-element_type=\"widget\" data-widget_type=\"text-editor.default\">\n\t\t\t\t<div class=\"elementor-widget-container\">\n\t\t\t\t\t\t\t\t\t<main id=\"content\" class=\"site-main post-4362 page type-page status-publish hentry\"><\/main><div class=\"page-content\"><ol class=\"wp-block-list\"><li><main id=\"content\" class=\"site-main post-4275 page type-page status-publish hentry\"><div class=\"page-content\"><p><strong>Politique de confidentialit\u00e9<\/strong><\/p><p>Conform\u00e9ment \u00e0 l\u2019engagement et \u00e0 l\u2019attention que la structure accorde \u00e0 la protection des donn\u00e9es personnelles, nous vous informons sur les m\u00e9thodes, les finalit\u00e9s et la port\u00e9e de la communication et de la diffusion de vos donn\u00e9es personnelles, ainsi que sur vos droits, conform\u00e9ment \u00e0 l\u2019art. 13 du RGPD.<\/p><p><strong>Cat\u00e9gories de donn\u00e9es personnelles trait\u00e9es par le responsable du traitement<\/strong><\/p><p>Pour vous offrir les services fournis par notre site web, la structure, en tant que responsable du traitement, doit traiter certaines donn\u00e9es personnelles n\u00e9cessaires \u00e0 la fourniture des services. Ces donn\u00e9es peuvent \u00eatre implicitement fournies par les outils que vous utilisez pour acc\u00e9der et utiliser les services ou peuvent vous \u00eatre explicitement fournies. La structure peut traiter les cat\u00e9gories de donn\u00e9es personnelles d\u2019utilisateurs suivantes :<\/p><ul class=\"wp-block-list\"><li>Donn\u00e9es techniques de navigation li\u00e9es \u00e0 l\u2019adresse IP, aux codes d\u2019identification des dispositifs utilis\u00e9s par l\u2019utilisateur pour acc\u00e9der au site ou aux services, aux caract\u00e9ristiques du navigateur et aux horaires d\u2019acc\u00e8s.<\/li><li>Donn\u00e9es de navigation visant \u00e0 \u00e9tablir un profil fournies indirectement par l\u2019utilisation du service lui-m\u00eame et obtenues et analys\u00e9es avec le consentement de l\u2019utilisateur.<\/li><li>Donn\u00e9es d\u2019identification communes fournies par l\u2019utilisateur (par exemple, nom, pr\u00e9nom, e-mail, num\u00e9ro de t\u00e9l\u00e9phone, etc.) pour l\u2019utilisation de produits et services.<\/li><\/ul><p><strong>Finalit\u00e9s et bases juridiques du traitement<\/strong><\/p><p>Les donn\u00e9es et les cookies que vous recevez seront trait\u00e9s par la structure exclusivement avec les m\u00e9thodes et proc\u00e9dures n\u00e9cessaires pour vous fournir les services demand\u00e9s et pour les finalit\u00e9s suppl\u00e9mentaires pour lesquelles vous avez donn\u00e9 votre consentement. Seulement avec votre consentement explicite, les donn\u00e9es peuvent \u00eatre utilis\u00e9es \u00e0 des fins d\u2019analyse statistique, d\u2019\u00e9tudes de march\u00e9, d\u2019activit\u00e9s promotionnelles via les m\u00e9dias sociaux et d\u2019envoi d\u2019informations commerciales sur les produits et les initiatives promotionnelles de la structure.<\/p><p><strong>Transfert de donn\u00e9es \u00e0 l\u2019\u00e9tranger<\/strong><\/p><p>Vos donn\u00e9es personnelles seront trait\u00e9es par la structure dans le territoire de l\u2019Union europ\u00e9enne. Si, pour des raisons techniques et\/ou op\u00e9rationnelles, il devient n\u00e9cessaire de faire appel \u00e0 des personnes situ\u00e9es en dehors de l\u2019Union europ\u00e9enne ou de transf\u00e9rer certaines des donn\u00e9es collect\u00e9es vers des syst\u00e8mes techniques et des services g\u00e9r\u00e9s dans le cloud et situ\u00e9s en dehors de l\u2019Union europ\u00e9enne, le traitement sera r\u00e9glement\u00e9 conform\u00e9ment aux dispositions du chapitre V du R\u00e8glement et autoris\u00e9 sur la base de d\u00e9cisions sp\u00e9cifiques de l\u2019Union europ\u00e9enne.<\/p><p><strong>Dur\u00e9e du traitement et conservation des donn\u00e9es personnelles<\/strong><\/p><p>Conform\u00e9ment \u00e0 l\u2019art. 5.1 et e) du RGPD, la structure traitera les donn\u00e9es que vous avez fournies pour toute la dur\u00e9e des services demand\u00e9s et les conservera pendant 12 mois aux fins de l\u2019ach\u00e8vement des activit\u00e9s administratives, ainsi que le temps n\u00e9cessaire pour remplir les obligations l\u00e9gales. Si vous avez autoris\u00e9 la cr\u00e9ation de profils, les donn\u00e9es anonymes observ\u00e9es seront supprim\u00e9es apr\u00e8s 12 mois \u00e0 compter du d\u00e9but du traitement.<\/p><p><strong>Droits de la personne concern\u00e9e<\/strong><\/p><p>La structure garantit que vous pouvez exercer \u00e0 tout moment les droits pr\u00e9vus \u00e0 l\u2019art. 12 du RGPD. En particulier, vous avez le droit :<\/p><ul class=\"wp-block-list\"><li>De savoir si le responsable du traitement d\u00e9tient et\/ou traite des donn\u00e9es personnelles vous concernant et d\u2019y acc\u00e9der int\u00e9gralement, en obtenant \u00e9galement une copie (Art. 15 Droit d\u2019acc\u00e8s).<\/li><li>De rectifier les donn\u00e9es personnelles inexactes ou d\u2019int\u00e9grer les donn\u00e9es personnelles incompl\u00e8tes (Art. 16 Droit de rectification).<\/li><li>De supprimer les donn\u00e9es personnelles d\u00e9tenues par le responsable du traitement s\u2019il existe l\u2019une des raisons pr\u00e9vues par le RGPD (Droit \u00e0 l\u2019effacement, 17).<\/li><li>De demander au responsable du traitement de limiter le traitement \u00e0 certaines donn\u00e9es personnelles, s\u2019il existe l\u2019une des raisons pr\u00e9vues par le R\u00e8glement (Art. 18 Droit \u00e0 la limitation du traitement).<\/li><li>De demander et de recevoir toutes vos donn\u00e9es personnelles trait\u00e9es par le responsable du traitement, dans un format structur\u00e9, couramment utilis\u00e9 et lisible par machine, ou de demander la transmission \u00e0 un autre responsable du traitement sans entrave (Art. 20, Droit \u00e0 la portabilit\u00e9 des donn\u00e9es).<\/li><li>De vous opposer, en tout ou en partie, au traitement des donn\u00e9es \u00e0 des fins publicitaires et d\u2019\u00e9tudes de march\u00e9 (consentement dit) (Art. 21 Droit d\u2019opposition).<\/li><li>De vous opposer, en tout ou en partie, au traitement automatis\u00e9 ou semi-automatis\u00e9 des donn\u00e9es \u00e0 des fins de profilage (consentement dit).<\/li><\/ul><p>Ces droits peuvent \u00eatre exerc\u00e9s en communiquant avec le responsable du traitement\/le d\u00e9l\u00e9gu\u00e9 \u00e0 la protection des donn\u00e9es, dont les coordonn\u00e9es sont indiqu\u00e9es dans la section appropri\u00e9e de cette information.<\/p><p>Vous avez \u00e9galement le droit de d\u00e9poser une plainte aupr\u00e8s de l\u2019Autorit\u00e9 italienne de protection des donn\u00e9es, joignable \u00e0 l\u2019adresse garante@gpdp.it ou sur le site http:\/\/www.gpdp.it.<\/p><p><strong>D\u00e9l\u00e9gu\u00e9 \u00e0 la protection des donn\u00e9es<\/strong><\/p><p>La structure a identifi\u00e9 et nomm\u00e9, conform\u00e9ment \u00e0 l\u2019art. 37 du RGPD, un d\u00e9l\u00e9gu\u00e9 \u00e0 la protection des donn\u00e9es et a mis en place un bureau pour g\u00e9rer les demandes relatives \u00e0 la confidentialit\u00e9 de ses utilisateurs et clients.<\/p><p>Pour l\u2019exercice des droits qui vous sont garantis, vous pouvez contacter les adresses suivantes :<\/p><ul class=\"wp-block-list\"><li>N. Paduano, Castello 4788, 30122 Venezia, info@sweet-venice.com<\/li><\/ul><p>\u00a0<\/p><p><strong>Derni\u00e8re mise \u00e0 jour de la politique de confidentialit\u00e9 :<\/strong>\u00a025\/12\/2023<\/p><p>\u00a0<\/p><p>\u00a0<\/p><\/div><\/main><footer id=\"colophon\" role=\"contentinfo\"><div class=\"footer-width-fixer\"><div class=\"elementor elementor-4190\" data-elementor-type=\"wp-post\" data-elementor-id=\"4190\"><section class=\"elementor-section elementor-top-section elementor-element elementor-element-1e92ec4 elementor-section-boxed elementor-section-height-default elementor-section-height-default\" data-id=\"1e92ec4\" data-element_type=\"section\" data-settings=\"{&quot;background_background&quot;:&quot;classic&quot;}\"><div class=\"elementor-container elementor-column-gap-default\"><div class=\"elementor-column elementor-col-100 elementor-top-column elementor-element elementor-element-beb9645\" data-id=\"beb9645\" data-element_type=\"column\"><div class=\"elementor-widget-wrap elementor-element-populated\"><div class=\"elementor-element elementor-element-c63122b elementor-widget elementor-widget-image\" data-id=\"c63122b\" data-element_type=\"widget\" data-widget_type=\"image.default\">\u00a0<\/div><\/div><\/div><\/div><\/section><\/div><\/div><\/footer><\/li><\/ol><\/div>\t\t\t\t\t\t\t\t<\/div>\n\t\t\t\t<\/div>\n\t\t\t\t\t<\/div>\n\t\t<\/div>\n\t\t\t\t\t<\/div>\n\t\t<\/section>\n\t\t\t\t<\/div>\n\t\t","protected":false},"excerpt":{"rendered":"<p>PRIVACY POLICY SWEET VENICE SMART APARTMENTS Politique de confidentialit\u00e9 Conform\u00e9ment \u00e0 l\u2019engagement et \u00e0 l\u2019attention que la structure accorde \u00e0 la protection des donn\u00e9es personnelles, nous vous informons sur les m\u00e9thodes, les finalit\u00e9s et la port\u00e9e de la communication et de la diffusion de vos donn\u00e9es personnelles, ainsi que sur vos droits, conform\u00e9ment \u00e0 l\u2019art. [&hellip;]<\/p>\n","protected":false},"author":1,"featured_media":0,"parent":0,"menu_order":0,"comment_status":"closed","ping_status":"closed","template":"","meta":{"inline_featured_image":false,"footnotes":""},"class_list":["post-5260","page","type-page","status-publish","hentry"],"yoast_head":"<!-- This site is optimized with the Yoast SEO plugin v25.2 - https:\/\/yoast.com\/wordpress\/plugins\/seo\/ -->\n<title>Privacy Policy - Sweet Venice<\/title>\n<meta name=\"robots\" content=\"index, follow, max-snippet:-1, max-image-preview:large, max-video-preview:-1\" \/>\n<link rel=\"canonical\" href=\"https:\/\/sweet-venice.com\/fr\/privacy-policy\/\" \/>\n<meta property=\"og:locale\" content=\"fr_FR\" \/>\n<meta property=\"og:type\" content=\"article\" \/>\n<meta property=\"og:title\" content=\"Privacy Policy - Sweet Venice\" \/>\n<meta property=\"og:description\" content=\"PRIVACY POLICY SWEET VENICE SMART APARTMENTS Politique de confidentialit\u00e9 Conform\u00e9ment \u00e0 l\u2019engagement et \u00e0 l\u2019attention que la structure accorde \u00e0 la protection des donn\u00e9es personnelles, nous vous informons sur les m\u00e9thodes, les finalit\u00e9s et la port\u00e9e de la communication et de la diffusion de vos donn\u00e9es personnelles, ainsi que sur vos droits, conform\u00e9ment \u00e0 l\u2019art. [&hellip;]\" \/>\n<meta property=\"og:url\" content=\"https:\/\/sweet-venice.com\/fr\/privacy-policy\/\" \/>\n<meta property=\"og:site_name\" content=\"Sweet Venice\" \/>\n<meta property=\"article:modified_time\" content=\"2025-05-26T09:25:04+00:00\" \/>\n<meta name=\"twitter:card\" content=\"summary_large_image\" \/>\n<meta name=\"twitter:label1\" content=\"Dur\u00e9e de lecture estim\u00e9e\" \/>\n\t<meta name=\"twitter:data1\" content=\"5 minutes\" \/>\n<script type=\"application\/ld+json\" class=\"yoast-schema-graph\">{\"@context\":\"https:\/\/schema.org\",\"@graph\":[{\"@type\":\"WebPage\",\"@id\":\"https:\/\/sweet-venice.com\/fr\/privacy-policy\/\",\"url\":\"https:\/\/sweet-venice.com\/fr\/privacy-policy\/\",\"name\":\"Privacy Policy - Sweet Venice\",\"isPartOf\":{\"@id\":\"https:\/\/sweet-venice.com\/#website\"},\"primaryImageOfPage\":{\"@id\":\"https:\/\/sweet-venice.com\/fr\/privacy-policy\/#primaryimage\"},\"image\":{\"@id\":\"https:\/\/sweet-venice.com\/fr\/privacy-policy\/#primaryimage\"},\"thumbnailUrl\":\"https:\/\/sweet-venice.com\/wp-content\/uploads\/2025\/05\/photo-1595196862630-d5825e9ee2da.avif\",\"datePublished\":\"2023-07-13T06:49:23+00:00\",\"dateModified\":\"2025-05-26T09:25:04+00:00\",\"breadcrumb\":{\"@id\":\"https:\/\/sweet-venice.com\/fr\/privacy-policy\/#breadcrumb\"},\"inLanguage\":\"fr-FR\",\"potentialAction\":[{\"@type\":\"ReadAction\",\"target\":[\"https:\/\/sweet-venice.com\/fr\/privacy-policy\/\"]}]},{\"@type\":\"ImageObject\",\"inLanguage\":\"fr-FR\",\"@id\":\"https:\/\/sweet-venice.com\/fr\/privacy-policy\/#primaryimage\",\"url\":\"https:\/\/sweet-venice.com\/wp-content\/uploads\/2025\/05\/photo-1595196862630-d5825e9ee2da.avif\",\"contentUrl\":\"https:\/\/sweet-venice.com\/wp-content\/uploads\/2025\/05\/photo-1595196862630-d5825e9ee2da.avif\"},{\"@type\":\"BreadcrumbList\",\"@id\":\"https:\/\/sweet-venice.com\/fr\/privacy-policy\/#breadcrumb\",\"itemListElement\":[{\"@type\":\"ListItem\",\"position\":1,\"name\":\"Home\",\"item\":\"https:\/\/sweet-venice.com\/fr\/\"},{\"@type\":\"ListItem\",\"position\":2,\"name\":\"Privacy Policy\"}]},{\"@type\":\"WebSite\",\"@id\":\"https:\/\/sweet-venice.com\/#website\",\"url\":\"https:\/\/sweet-venice.com\/\",\"name\":\"Sweet Venice\",\"description\":\"\",\"publisher\":{\"@id\":\"https:\/\/sweet-venice.com\/#organization\"},\"potentialAction\":[{\"@type\":\"SearchAction\",\"target\":{\"@type\":\"EntryPoint\",\"urlTemplate\":\"https:\/\/sweet-venice.com\/?s={search_term_string}\"},\"query-input\":{\"@type\":\"PropertyValueSpecification\",\"valueRequired\":true,\"valueName\":\"search_term_string\"}}],\"inLanguage\":\"fr-FR\"},{\"@type\":\"Organization\",\"@id\":\"https:\/\/sweet-venice.com\/#organization\",\"name\":\"Sweet Venice\",\"url\":\"https:\/\/sweet-venice.com\/\",\"logo\":{\"@type\":\"ImageObject\",\"inLanguage\":\"fr-FR\",\"@id\":\"https:\/\/sweet-venice.com\/#\/schema\/logo\/image\/\",\"url\":\"https:\/\/sweet-venice.com\/wp-content\/uploads\/2023\/10\/Icon.png\",\"contentUrl\":\"https:\/\/sweet-venice.com\/wp-content\/uploads\/2023\/10\/Icon.png\",\"width\":441,\"height\":149,\"caption\":\"Sweet Venice\"},\"image\":{\"@id\":\"https:\/\/sweet-venice.com\/#\/schema\/logo\/image\/\"}}]}<\/script>\n<!-- \/ Yoast SEO plugin. -->","yoast_head_json":{"title":"Privacy Policy - Sweet Venice","robots":{"index":"index","follow":"follow","max-snippet":"max-snippet:-1","max-image-preview":"max-image-preview:large","max-video-preview":"max-video-preview:-1"},"canonical":"https:\/\/sweet-venice.com\/fr\/privacy-policy\/","og_locale":"fr_FR","og_type":"article","og_title":"Privacy Policy - Sweet Venice","og_description":"PRIVACY POLICY SWEET VENICE SMART APARTMENTS Politique de confidentialit\u00e9 Conform\u00e9ment \u00e0 l\u2019engagement et \u00e0 l\u2019attention que la structure accorde \u00e0 la protection des donn\u00e9es personnelles, nous vous informons sur les m\u00e9thodes, les finalit\u00e9s et la port\u00e9e de la communication et de la diffusion de vos donn\u00e9es personnelles, ainsi que sur vos droits, conform\u00e9ment \u00e0 l\u2019art. [&hellip;]","og_url":"https:\/\/sweet-venice.com\/fr\/privacy-policy\/","og_site_name":"Sweet Venice","article_modified_time":"2025-05-26T09:25:04+00:00","twitter_card":"summary_large_image","twitter_misc":{"Dur\u00e9e de lecture estim\u00e9e":"5 minutes"},"schema":{"@context":"https:\/\/schema.org","@graph":[{"@type":"WebPage","@id":"https:\/\/sweet-venice.com\/fr\/privacy-policy\/","url":"https:\/\/sweet-venice.com\/fr\/privacy-policy\/","name":"Privacy Policy - Sweet Venice","isPartOf":{"@id":"https:\/\/sweet-venice.com\/#website"},"primaryImageOfPage":{"@id":"https:\/\/sweet-venice.com\/fr\/privacy-policy\/#primaryimage"},"image":{"@id":"https:\/\/sweet-venice.com\/fr\/privacy-policy\/#primaryimage"},"thumbnailUrl":"https:\/\/sweet-venice.com\/wp-content\/uploads\/2025\/05\/photo-1595196862630-d5825e9ee2da.avif","datePublished":"2023-07-13T06:49:23+00:00","dateModified":"2025-05-26T09:25:04+00:00","breadcrumb":{"@id":"https:\/\/sweet-venice.com\/fr\/privacy-policy\/#breadcrumb"},"inLanguage":"fr-FR","potentialAction":[{"@type":"ReadAction","target":["https:\/\/sweet-venice.com\/fr\/privacy-policy\/"]}]},{"@type":"ImageObject","inLanguage":"fr-FR","@id":"https:\/\/sweet-venice.com\/fr\/privacy-policy\/#primaryimage","url":"https:\/\/sweet-venice.com\/wp-content\/uploads\/2025\/05\/photo-1595196862630-d5825e9ee2da.avif","contentUrl":"https:\/\/sweet-venice.com\/wp-content\/uploads\/2025\/05\/photo-1595196862630-d5825e9ee2da.avif"},{"@type":"BreadcrumbList","@id":"https:\/\/sweet-venice.com\/fr\/privacy-policy\/#breadcrumb","itemListElement":[{"@type":"ListItem","position":1,"name":"Home","item":"https:\/\/sweet-venice.com\/fr\/"},{"@type":"ListItem","position":2,"name":"Privacy Policy"}]},{"@type":"WebSite","@id":"https:\/\/sweet-venice.com\/#website","url":"https:\/\/sweet-venice.com\/","name":"Sweet Venice","description":"","publisher":{"@id":"https:\/\/sweet-venice.com\/#organization"},"potentialAction":[{"@type":"SearchAction","target":{"@type":"EntryPoint","urlTemplate":"https:\/\/sweet-venice.com\/?s={search_term_string}"},"query-input":{"@type":"PropertyValueSpecification","valueRequired":true,"valueName":"search_term_string"}}],"inLanguage":"fr-FR"},{"@type":"Organization","@id":"https:\/\/sweet-venice.com\/#organization","name":"Sweet Venice","url":"https:\/\/sweet-venice.com\/","logo":{"@type":"ImageObject","inLanguage":"fr-FR","@id":"https:\/\/sweet-venice.com\/#\/schema\/logo\/image\/","url":"https:\/\/sweet-venice.com\/wp-content\/uploads\/2023\/10\/Icon.png","contentUrl":"https:\/\/sweet-venice.com\/wp-content\/uploads\/2023\/10\/Icon.png","width":441,"height":149,"caption":"Sweet Venice"},"image":{"@id":"https:\/\/sweet-venice.com\/#\/schema\/logo\/image\/"}}]}},"_links":{"self":[{"href":"https:\/\/sweet-venice.com\/fr\/wp-json\/wp\/v2\/pages\/5260","targetHints":{"allow":["GET"]}}],"collection":[{"href":"https:\/\/sweet-venice.com\/fr\/wp-json\/wp\/v2\/pages"}],"about":[{"href":"https:\/\/sweet-venice.com\/fr\/wp-json\/wp\/v2\/types\/page"}],"author":[{"embeddable":true,"href":"https:\/\/sweet-venice.com\/fr\/wp-json\/wp\/v2\/users\/1"}],"replies":[{"embeddable":true,"href":"https:\/\/sweet-venice.com\/fr\/wp-json\/wp\/v2\/comments?post=5260"}],"version-history":[{"count":3,"href":"https:\/\/sweet-venice.com\/fr\/wp-json\/wp\/v2\/pages\/5260\/revisions"}],"predecessor-version":[{"id":5648,"href":"https:\/\/sweet-venice.com\/fr\/wp-json\/wp\/v2\/pages\/5260\/revisions\/5648"}],"wp:attachment":[{"href":"https:\/\/sweet-venice.com\/fr\/wp-json\/wp\/v2\/media?parent=5260"}],"curies":[{"name":"wp","href":"https:\/\/api.w.org\/{rel}","templated":true}]}}