{"id":5264,"date":"2023-05-22T12:13:22","date_gmt":"2023-05-22T10:13:22","guid":{"rendered":"https:\/\/sweet-venice.com\/tariffe-prenotazioni\/"},"modified":"2025-11-30T19:32:36","modified_gmt":"2025-11-30T18:32:36","slug":"reservation","status":"publish","type":"page","link":"https:\/\/sweet-venice.com\/fr\/reservation\/","title":{"rendered":"r\u00e9servation"},"content":{"rendered":"\t\t<div data-elementor-type=\"wp-page\" data-elementor-id=\"5264\" class=\"elementor elementor-5264 elementor-179\" data-elementor-post-type=\"page\">\n\t\t\t\t\t\t<section class=\"elementor-section elementor-top-section elementor-element elementor-element-d61d89d elementor-section-full_width elementor-section-height-default elementor-section-height-default\" data-id=\"d61d89d\" data-element_type=\"section\" data-settings=\"{&quot;background_background&quot;:&quot;classic&quot;}\">\n\t\t\t\t\t\t<div class=\"elementor-container elementor-column-gap-default\">\n\t\t\t\t\t<div class=\"elementor-column elementor-col-100 elementor-top-column elementor-element elementor-element-83c6b63\" data-id=\"83c6b63\" data-element_type=\"column\" data-settings=\"{&quot;background_background&quot;:&quot;classic&quot;}\">\n\t\t\t<div class=\"elementor-widget-wrap elementor-element-populated\">\n\t\t\t\t\t\t<div class=\"elementor-element elementor-element-d539339 elementor-widget elementor-widget-image\" data-id=\"d539339\" data-element_type=\"widget\" data-widget_type=\"image.default\">\n\t\t\t\t<div class=\"elementor-widget-container\">\n\t\t\t\t\t\t\t\t\t\t\t\t\t\t\t<img fetchpriority=\"high\" decoding=\"async\" width=\"2070\" height=\"1380\" src=\"https:\/\/sweet-venice.com\/wp-content\/uploads\/2025\/05\/photo-1595196862630-d5825e9ee2da.avif\" class=\"attachment-full size-full wp-image-4943\" alt=\"\" srcset=\"https:\/\/sweet-venice.com\/wp-content\/uploads\/2025\/05\/photo-1595196862630-d5825e9ee2da.avif 2070w, https:\/\/sweet-venice.com\/wp-content\/uploads\/2025\/05\/photo-1595196862630-d5825e9ee2da-300x200.avif 300w, https:\/\/sweet-venice.com\/wp-content\/uploads\/2025\/05\/photo-1595196862630-d5825e9ee2da-1024x683.avif 1024w, https:\/\/sweet-venice.com\/wp-content\/uploads\/2025\/05\/photo-1595196862630-d5825e9ee2da-768x512.avif 768w, https:\/\/sweet-venice.com\/wp-content\/uploads\/2025\/05\/photo-1595196862630-d5825e9ee2da-1536x1024.avif 1536w, https:\/\/sweet-venice.com\/wp-content\/uploads\/2025\/05\/photo-1595196862630-d5825e9ee2da-2048x1365.avif 2048w\" sizes=\"(max-width: 2070px) 100vw, 2070px\" \/>\t\t\t\t\t\t\t\t\t\t\t\t\t\t\t<\/div>\n\t\t\t\t<\/div>\n\t\t\t\t<section class=\"elementor-section elementor-inner-section elementor-element elementor-element-68027fb elementor-section-boxed elementor-section-height-default elementor-section-height-default\" data-id=\"68027fb\" data-element_type=\"section\" data-settings=\"{&quot;background_background&quot;:&quot;classic&quot;}\">\n\t\t\t\t\t\t\t<div class=\"elementor-background-overlay\"><\/div>\n\t\t\t\t\t\t\t<div class=\"elementor-container elementor-column-gap-default\">\n\t\t\t\t\t<div class=\"elementor-column elementor-col-100 elementor-inner-column elementor-element elementor-element-d9d4aa8\" data-id=\"d9d4aa8\" data-element_type=\"column\" data-settings=\"{&quot;background_background&quot;:&quot;classic&quot;}\">\n\t\t\t<div class=\"elementor-widget-wrap elementor-element-populated\">\n\t\t\t\t\t<div class=\"elementor-background-overlay\"><\/div>\n\t\t\t\t\t\t<div class=\"elementor-element elementor-element-c9acd60 elementor-widget elementor-widget-text-editor\" data-id=\"c9acd60\" data-element_type=\"widget\" data-widget_type=\"text-editor.default\">\n\t\t\t\t<div class=\"elementor-widget-container\">\n\t\t\t\t\t\t\t\t\t<p>Sweet Venice Smart apartments<\/p>\t\t\t\t\t\t\t\t<\/div>\n\t\t\t\t<\/div>\n\t\t\t\t<div class=\"elementor-element elementor-element-09f9b80 elementor-widget elementor-widget-text-editor\" data-id=\"09f9b80\" data-element_type=\"widget\" data-widget_type=\"text-editor.default\">\n\t\t\t\t<div class=\"elementor-widget-container\">\n\t\t\t\t\t\t\t\t\t<p>Centre de r\u00e9servation<\/p>\t\t\t\t\t\t\t\t<\/div>\n\t\t\t\t<\/div>\n\t\t\t\t\t<\/div>\n\t\t<\/div>\n\t\t\t\t\t<\/div>\n\t\t<\/section>\n\t\t\t\t\t<\/div>\n\t\t<\/div>\n\t\t\t\t\t<\/div>\n\t\t<\/section>\n\t\t\t\t<section class=\"elementor-section elementor-top-section elementor-element elementor-element-e544399 elementor-section-boxed elementor-section-height-default elementor-section-height-default\" data-id=\"e544399\" data-element_type=\"section\" data-settings=\"{&quot;background_background&quot;:&quot;classic&quot;}\">\n\t\t\t\t\t\t\t<div class=\"elementor-background-overlay\"><\/div>\n\t\t\t\t\t\t\t<div class=\"elementor-container elementor-column-gap-default\">\n\t\t\t\t\t<div class=\"elementor-column elementor-col-100 elementor-top-column elementor-element elementor-element-f035824\" data-id=\"f035824\" data-element_type=\"column\">\n\t\t\t<div class=\"elementor-widget-wrap elementor-element-populated\">\n\t\t\t\t\t\t<div class=\"elementor-element elementor-element-4597ae6 elementor-widget elementor-widget-text-editor\" data-id=\"4597ae6\" data-element_type=\"widget\" data-widget_type=\"text-editor.default\">\n\t\t\t\t<div class=\"elementor-widget-container\">\n\t\t\t\t\t\t\t\t\t<p><span style=\"color: #484a4e;\">Ici, vous pouvez r\u00e9server votre s\u00e9jour chez nous au meilleur prix du march\u00e9, \u00e9conomisant jusqu\u2019\u00e0 20% par rapport aux prix des sites de r\u00e9servation tiers, car nous ne payons pas de commission \u00e0 des tiers.<\/span><\/p><p><span style=\"color: #484a4e;\"><strong>Attention<\/strong>\u00a0: Toutes les chambres ont une salle de bains externe partag\u00e9e. L\u2019appartement dispose d\u2019une salle de bains priv\u00e9e.<\/span><\/p><p><span style=\"color: #484a4e;\"><strong>Enregistrement<\/strong>\u00a0: 15h-19h<\/span><\/p><p><span style=\"color: #484a4e;\">Pour un enregistrement entre 19 heures et 21 heures, des frais suppl\u00e9mentaires de 25 \u20ac sont factur\u00e9s.<\/span><br \/><span style=\"color: #484a4e;\">Les enregistrements apr\u00e8s 21 heures ne sont pas possibles, m\u00eame en payant un suppl\u00e9ment.<\/span><br \/><span style=\"color: #484a4e;\">Tout enregistrement tardif (apr\u00e8s 19 heures) doit \u00eatre approuv\u00e9 par notre h\u00e9bergement avant la r\u00e9servation.<\/span><\/p><p><span style=\"color: #484a4e;\"><strong>Le lieu d\u2019enregistrement et de r\u00e9cup\u00e9ration des cl\u00e9s est<\/strong>: c\/o \u201cAlloggi SS Giovanni e Paolo\u201d, Castello 6401, 30122 Venezia, de 15h \u00e0 19h.<\/span><\/p><p><span style=\"color: #484a4e;\"><strong>Attention :<\/strong>\u00a0Apr\u00e8s la r\u00e9servation, vous recevrez un lien de paiement qui vous dirigera vers une plateforme de paiement s\u00e9curis\u00e9e. La r\u00e9servation ne sera d\u00e9finitivement confirm\u00e9e par notre \u00e9tablissement qu\u2019apr\u00e8s que vous aurez pay\u00e9 le prix de la r\u00e9servation qui doit \u00eatre effectu\u00e9 dans les 24 heures suivant la r\u00e9ception du lien. Pour les r\u00e9servations le jour m\u00eame, le paiement est d\u00fb imm\u00e9diatement apr\u00e8s l\u2019envoi du lien.<\/span><\/p><p><span style=\"color: #484a4e;\">Si vous ne trouvez pas de proposition adapt\u00e9e sur notre site, nous vous conseillons de consulter les propositions sur\u00a0<a style=\"color: #484a4e;\" href=\"http:\/\/www.booking-venice.com\/\">www.booking-venice.com<\/a>.<\/span><\/p>\t\t\t\t\t\t\t\t<\/div>\n\t\t\t\t<\/div>\n\t\t\t\t\t<\/div>\n\t\t<\/div>\n\t\t\t\t\t<\/div>\n\t\t<\/section>\n\t\t\t\t<section class=\"elementor-section elementor-top-section elementor-element elementor-element-ccd6449 elementor-section-boxed elementor-section-height-default elementor-section-height-default\" data-id=\"ccd6449\" data-element_type=\"section\">\n\t\t\t\t\t\t<div class=\"elementor-container elementor-column-gap-default\">\n\t\t\t\t\t<div class=\"elementor-column elementor-col-100 elementor-top-column elementor-element elementor-element-3f0706e\" data-id=\"3f0706e\" data-element_type=\"column\">\n\t\t\t<div class=\"elementor-widget-wrap elementor-element-populated\">\n\t\t\t\t\t\t<div class=\"elementor-element elementor-element-a5f5937 elementor-widget elementor-widget-html\" data-id=\"a5f5937\" data-element_type=\"widget\" data-widget_type=\"html.default\">\n\t\t\t\t<div class=\"elementor-widget-container\">\n\t\t\t\t\t<link href=\"https:\/\/cdn.ciaobooking.com\/widget\/css\/app.css\" rel=\"stylesheet\"\/><ciaobooking-widget\r\n        property-id=\"146340\"\r\n        host=\"https:\/\/sweet-venice.bookpage.io\"\r\n        radius=\"3px\"\r\n        with-children=\"true\"\r\n        primary-color=\"#34095891\"\r\n        new-page=\"true\"\r\n        expanded-occupation=\"false\"\r\n        with-shadow=\"true\"\r\n        alternative-submit=\"true\"\r\n        is-dropdown=\"false\"\r\n        font-family=\"Montserrat\"\r\n        with-destinations=\"false\"\r\n        booking-network-id=\"1311\"\r\n        ><\/ciaobooking-widget><script src=\"https:\/\/cdn.ciaobooking.com\/widget\/js\/app.js\"><\/script>\t\t\t\t<\/div>\n\t\t\t\t<\/div>\n\t\t\t\t\t<\/div>\n\t\t<\/div>\n\t\t\t\t\t<\/div>\n\t\t<\/section>\n\t\t\t\t<\/div>\n\t\t","protected":false},"excerpt":{"rendered":"<p>Sweet Venice Smart apartments Centre de r\u00e9servation Ici, vous pouvez r\u00e9server votre s\u00e9jour chez nous au meilleur prix du march\u00e9, \u00e9conomisant jusqu\u2019\u00e0 20% par rapport aux prix des sites de r\u00e9servation tiers, car nous ne payons pas de commission \u00e0 des tiers. Attention\u00a0: Toutes les chambres ont une salle de bains externe partag\u00e9e. L\u2019appartement dispose [&hellip;]<\/p>\n","protected":false},"author":1,"featured_media":0,"parent":0,"menu_order":0,"comment_status":"closed","ping_status":"closed","template":"","meta":{"inline_featured_image":false,"footnotes":""},"class_list":["post-5264","page","type-page","status-publish","hentry"],"yoast_head":"<!-- This site is optimized with the Yoast SEO plugin v25.2 - https:\/\/yoast.com\/wordpress\/plugins\/seo\/ -->\n<title>r\u00e9servation - Sweet Venice<\/title>\n<meta name=\"robots\" content=\"index, follow, max-snippet:-1, max-image-preview:large, max-video-preview:-1\" \/>\n<link rel=\"canonical\" href=\"https:\/\/sweet-venice.com\/fr\/reservation\/\" \/>\n<meta property=\"og:locale\" content=\"fr_FR\" \/>\n<meta property=\"og:type\" content=\"article\" \/>\n<meta property=\"og:title\" content=\"r\u00e9servation - Sweet Venice\" \/>\n<meta property=\"og:description\" content=\"Sweet Venice Smart apartments Centre de r\u00e9servation Ici, vous pouvez r\u00e9server votre s\u00e9jour chez nous au meilleur prix du march\u00e9, \u00e9conomisant jusqu\u2019\u00e0 20% par rapport aux prix des sites de r\u00e9servation tiers, car nous ne payons pas de commission \u00e0 des tiers. Attention\u00a0: Toutes les chambres ont une salle de bains externe partag\u00e9e. L\u2019appartement dispose [&hellip;]\" \/>\n<meta property=\"og:url\" content=\"https:\/\/sweet-venice.com\/fr\/reservation\/\" \/>\n<meta property=\"og:site_name\" content=\"Sweet Venice\" \/>\n<meta property=\"article:modified_time\" content=\"2025-11-30T18:32:36+00:00\" \/>\n<meta name=\"twitter:card\" content=\"summary_large_image\" \/>\n<meta name=\"twitter:label1\" content=\"Dur\u00e9e de lecture estim\u00e9e\" \/>\n\t<meta name=\"twitter:data1\" content=\"2 minutes\" \/>\n<script type=\"application\/ld+json\" class=\"yoast-schema-graph\">{\"@context\":\"https:\/\/schema.org\",\"@graph\":[{\"@type\":\"WebPage\",\"@id\":\"https:\/\/sweet-venice.com\/fr\/reservation\/\",\"url\":\"https:\/\/sweet-venice.com\/fr\/reservation\/\",\"name\":\"r\u00e9servation - Sweet Venice\",\"isPartOf\":{\"@id\":\"https:\/\/sweet-venice.com\/#website\"},\"primaryImageOfPage\":{\"@id\":\"https:\/\/sweet-venice.com\/fr\/reservation\/#primaryimage\"},\"image\":{\"@id\":\"https:\/\/sweet-venice.com\/fr\/reservation\/#primaryimage\"},\"thumbnailUrl\":\"https:\/\/sweet-venice.com\/wp-content\/uploads\/2025\/05\/photo-1595196862630-d5825e9ee2da.avif\",\"datePublished\":\"2023-05-22T10:13:22+00:00\",\"dateModified\":\"2025-11-30T18:32:36+00:00\",\"breadcrumb\":{\"@id\":\"https:\/\/sweet-venice.com\/fr\/reservation\/#breadcrumb\"},\"inLanguage\":\"fr-FR\",\"potentialAction\":[{\"@type\":\"ReadAction\",\"target\":[\"https:\/\/sweet-venice.com\/fr\/reservation\/\"]}]},{\"@type\":\"ImageObject\",\"inLanguage\":\"fr-FR\",\"@id\":\"https:\/\/sweet-venice.com\/fr\/reservation\/#primaryimage\",\"url\":\"https:\/\/sweet-venice.com\/wp-content\/uploads\/2025\/05\/photo-1595196862630-d5825e9ee2da.avif\",\"contentUrl\":\"https:\/\/sweet-venice.com\/wp-content\/uploads\/2025\/05\/photo-1595196862630-d5825e9ee2da.avif\"},{\"@type\":\"BreadcrumbList\",\"@id\":\"https:\/\/sweet-venice.com\/fr\/reservation\/#breadcrumb\",\"itemListElement\":[{\"@type\":\"ListItem\",\"position\":1,\"name\":\"Home\",\"item\":\"https:\/\/sweet-venice.com\/fr\/\"},{\"@type\":\"ListItem\",\"position\":2,\"name\":\"r\u00e9servation\"}]},{\"@type\":\"WebSite\",\"@id\":\"https:\/\/sweet-venice.com\/#website\",\"url\":\"https:\/\/sweet-venice.com\/\",\"name\":\"Sweet Venice\",\"description\":\"\",\"publisher\":{\"@id\":\"https:\/\/sweet-venice.com\/#organization\"},\"potentialAction\":[{\"@type\":\"SearchAction\",\"target\":{\"@type\":\"EntryPoint\",\"urlTemplate\":\"https:\/\/sweet-venice.com\/?s={search_term_string}\"},\"query-input\":{\"@type\":\"PropertyValueSpecification\",\"valueRequired\":true,\"valueName\":\"search_term_string\"}}],\"inLanguage\":\"fr-FR\"},{\"@type\":\"Organization\",\"@id\":\"https:\/\/sweet-venice.com\/#organization\",\"name\":\"Sweet Venice\",\"url\":\"https:\/\/sweet-venice.com\/\",\"logo\":{\"@type\":\"ImageObject\",\"inLanguage\":\"fr-FR\",\"@id\":\"https:\/\/sweet-venice.com\/#\/schema\/logo\/image\/\",\"url\":\"https:\/\/sweet-venice.com\/wp-content\/uploads\/2023\/10\/Icon.png\",\"contentUrl\":\"https:\/\/sweet-venice.com\/wp-content\/uploads\/2023\/10\/Icon.png\",\"width\":441,\"height\":149,\"caption\":\"Sweet Venice\"},\"image\":{\"@id\":\"https:\/\/sweet-venice.com\/#\/schema\/logo\/image\/\"}}]}<\/script>\n<!-- \/ Yoast SEO plugin. -->","yoast_head_json":{"title":"r\u00e9servation - Sweet Venice","robots":{"index":"index","follow":"follow","max-snippet":"max-snippet:-1","max-image-preview":"max-image-preview:large","max-video-preview":"max-video-preview:-1"},"canonical":"https:\/\/sweet-venice.com\/fr\/reservation\/","og_locale":"fr_FR","og_type":"article","og_title":"r\u00e9servation - Sweet Venice","og_description":"Sweet Venice Smart apartments Centre de r\u00e9servation Ici, vous pouvez r\u00e9server votre s\u00e9jour chez nous au meilleur prix du march\u00e9, \u00e9conomisant jusqu\u2019\u00e0 20% par rapport aux prix des sites de r\u00e9servation tiers, car nous ne payons pas de commission \u00e0 des tiers. Attention\u00a0: Toutes les chambres ont une salle de bains externe partag\u00e9e. L\u2019appartement dispose [&hellip;]","og_url":"https:\/\/sweet-venice.com\/fr\/reservation\/","og_site_name":"Sweet Venice","article_modified_time":"2025-11-30T18:32:36+00:00","twitter_card":"summary_large_image","twitter_misc":{"Dur\u00e9e de lecture estim\u00e9e":"2 minutes"},"schema":{"@context":"https:\/\/schema.org","@graph":[{"@type":"WebPage","@id":"https:\/\/sweet-venice.com\/fr\/reservation\/","url":"https:\/\/sweet-venice.com\/fr\/reservation\/","name":"r\u00e9servation - Sweet Venice","isPartOf":{"@id":"https:\/\/sweet-venice.com\/#website"},"primaryImageOfPage":{"@id":"https:\/\/sweet-venice.com\/fr\/reservation\/#primaryimage"},"image":{"@id":"https:\/\/sweet-venice.com\/fr\/reservation\/#primaryimage"},"thumbnailUrl":"https:\/\/sweet-venice.com\/wp-content\/uploads\/2025\/05\/photo-1595196862630-d5825e9ee2da.avif","datePublished":"2023-05-22T10:13:22+00:00","dateModified":"2025-11-30T18:32:36+00:00","breadcrumb":{"@id":"https:\/\/sweet-venice.com\/fr\/reservation\/#breadcrumb"},"inLanguage":"fr-FR","potentialAction":[{"@type":"ReadAction","target":["https:\/\/sweet-venice.com\/fr\/reservation\/"]}]},{"@type":"ImageObject","inLanguage":"fr-FR","@id":"https:\/\/sweet-venice.com\/fr\/reservation\/#primaryimage","url":"https:\/\/sweet-venice.com\/wp-content\/uploads\/2025\/05\/photo-1595196862630-d5825e9ee2da.avif","contentUrl":"https:\/\/sweet-venice.com\/wp-content\/uploads\/2025\/05\/photo-1595196862630-d5825e9ee2da.avif"},{"@type":"BreadcrumbList","@id":"https:\/\/sweet-venice.com\/fr\/reservation\/#breadcrumb","itemListElement":[{"@type":"ListItem","position":1,"name":"Home","item":"https:\/\/sweet-venice.com\/fr\/"},{"@type":"ListItem","position":2,"name":"r\u00e9servation"}]},{"@type":"WebSite","@id":"https:\/\/sweet-venice.com\/#website","url":"https:\/\/sweet-venice.com\/","name":"Sweet Venice","description":"","publisher":{"@id":"https:\/\/sweet-venice.com\/#organization"},"potentialAction":[{"@type":"SearchAction","target":{"@type":"EntryPoint","urlTemplate":"https:\/\/sweet-venice.com\/?s={search_term_string}"},"query-input":{"@type":"PropertyValueSpecification","valueRequired":true,"valueName":"search_term_string"}}],"inLanguage":"fr-FR"},{"@type":"Organization","@id":"https:\/\/sweet-venice.com\/#organization","name":"Sweet Venice","url":"https:\/\/sweet-venice.com\/","logo":{"@type":"ImageObject","inLanguage":"fr-FR","@id":"https:\/\/sweet-venice.com\/#\/schema\/logo\/image\/","url":"https:\/\/sweet-venice.com\/wp-content\/uploads\/2023\/10\/Icon.png","contentUrl":"https:\/\/sweet-venice.com\/wp-content\/uploads\/2023\/10\/Icon.png","width":441,"height":149,"caption":"Sweet Venice"},"image":{"@id":"https:\/\/sweet-venice.com\/#\/schema\/logo\/image\/"}}]}},"_links":{"self":[{"href":"https:\/\/sweet-venice.com\/fr\/wp-json\/wp\/v2\/pages\/5264","targetHints":{"allow":["GET"]}}],"collection":[{"href":"https:\/\/sweet-venice.com\/fr\/wp-json\/wp\/v2\/pages"}],"about":[{"href":"https:\/\/sweet-venice.com\/fr\/wp-json\/wp\/v2\/types\/page"}],"author":[{"embeddable":true,"href":"https:\/\/sweet-venice.com\/fr\/wp-json\/wp\/v2\/users\/1"}],"replies":[{"embeddable":true,"href":"https:\/\/sweet-venice.com\/fr\/wp-json\/wp\/v2\/comments?post=5264"}],"version-history":[{"count":13,"href":"https:\/\/sweet-venice.com\/fr\/wp-json\/wp\/v2\/pages\/5264\/revisions"}],"predecessor-version":[{"id":6174,"href":"https:\/\/sweet-venice.com\/fr\/wp-json\/wp\/v2\/pages\/5264\/revisions\/6174"}],"wp:attachment":[{"href":"https:\/\/sweet-venice.com\/fr\/wp-json\/wp\/v2\/media?parent=5264"}],"curies":[{"name":"wp","href":"https:\/\/api.w.org\/{rel}","templated":true}]}}